{"id":2907,"date":"2024-11-29T11:32:11","date_gmt":"2024-11-29T10:32:11","guid":{"rendered":"https:\/\/aenadisset.rwdesarrollos.es\/aena\/"},"modified":"2025-11-27T11:29:26","modified_gmt":"2025-11-27T10:29:26","slug":"aena","status":"publish","type":"page","link":"https:\/\/remodelacion-aeropuerto-palma-mallorca.es\/ca\/aena\/","title":{"rendered":"Aena, empresa l\u00edder en la gesti\u00f3 aeroportu\u00e0ria"},"content":{"rendered":"\t\t<div data-elementor-type=\"wp-page\" data-elementor-id=\"2907\" class=\"elementor elementor-2907 elementor-636\" data-elementor-post-type=\"page\">\n\t\t\t\t<div class=\"elementor-element elementor-element-15c2076c e-con-full e-flex e-con e-parent\" data-id=\"15c2076c\" data-element_type=\"container\" data-settings=\"{&quot;background_background&quot;:&quot;classic&quot;}\">\n\t\t<div class=\"elementor-element elementor-element-65cf3b55 e-flex e-con-boxed e-con e-child\" data-id=\"65cf3b55\" data-element_type=\"container\">\n\t\t\t\t\t<div class=\"e-con-inner\">\n\t\t\t\t<div class=\"elementor-element elementor-element-4adcdacf elementor-widget elementor-widget-spacer\" data-id=\"4adcdacf\" data-element_type=\"widget\" data-widget_type=\"spacer.default\">\n\t\t\t\t<div class=\"elementor-widget-container\">\n\t\t\t\t\t\t\t<div class=\"elementor-spacer\">\n\t\t\t<div class=\"elementor-spacer-inner\"><\/div>\n\t\t<\/div>\n\t\t\t\t\t\t<\/div>\n\t\t\t\t<\/div>\n\t\t\t\t<div class=\"elementor-element elementor-element-7fec0089 elementor-widget elementor-widget-heading\" data-id=\"7fec0089\" data-element_type=\"widget\" data-widget_type=\"heading.default\">\n\t\t\t\t<div class=\"elementor-widget-container\">\n\t\t\t\t\t<h1 class=\"elementor-heading-title elementor-size-default\">Aena, empresa l\u00edder en la gesti\u00f3 aeroportu\u00e0ria<\/h1>\t\t\t\t<\/div>\n\t\t\t\t<\/div>\n\t\t\t\t<div class=\"elementor-element elementor-element-57abc569 elementor-widget elementor-widget-spacer\" data-id=\"57abc569\" data-element_type=\"widget\" data-widget_type=\"spacer.default\">\n\t\t\t\t<div class=\"elementor-widget-container\">\n\t\t\t\t\t\t\t<div class=\"elementor-spacer\">\n\t\t\t<div class=\"elementor-spacer-inner\"><\/div>\n\t\t<\/div>\n\t\t\t\t\t\t<\/div>\n\t\t\t\t<\/div>\n\t\t\t\t\t<\/div>\n\t\t\t\t<\/div>\n\t\t\t\t<\/div>\n\t\t<div class=\"elementor-element elementor-element-227dcc0a e-flex e-con-boxed e-con e-parent\" data-id=\"227dcc0a\" data-element_type=\"container\">\n\t\t\t\t\t<div class=\"e-con-inner\">\n\t\t\t\t<div class=\"elementor-element elementor-element-76c33922 underline elementor-widget elementor-widget-button\" data-id=\"76c33922\" data-element_type=\"widget\" data-widget_type=\"button.default\">\n\t\t\t\t<div class=\"elementor-widget-container\">\n\t\t\t\t\t\t\t\t\t<div class=\"elementor-button-wrapper\">\n\t\t\t\t\t<a class=\"elementor-button elementor-button-link elementor-size-sm\" href=\"https:\/\/remodelacion-aeropuerto-palma-mallorca.es\/ca\/\">\n\t\t\t\t\t\t<span class=\"elementor-button-content-wrapper\">\n\t\t\t\t\t\t<span class=\"elementor-button-icon\">\n\t\t\t\t<svg aria-hidden=\"true\" class=\"e-font-icon-svg e-fas-chevron-right\" viewBox=\"0 0 320 512\" xmlns=\"http:\/\/www.w3.org\/2000\/svg\"><path d=\"M285.476 272.971L91.132 467.314c-9.373 9.373-24.569 9.373-33.941 0l-22.667-22.667c-9.357-9.357-9.375-24.522-.04-33.901L188.505 256 34.484 101.255c-9.335-9.379-9.317-24.544.04-33.901l22.667-22.667c9.373-9.373 24.569-9.373 33.941 0L285.475 239.03c9.373 9.372 9.373 24.568.001 33.941z\"><\/path><\/svg>\t\t\t<\/span>\n\t\t\t\t\t\t\t\t\t<span class=\"elementor-button-text\">Inici<\/span>\n\t\t\t\t\t<\/span>\n\t\t\t\t\t<\/a>\n\t\t\t\t<\/div>\n\t\t\t\t\t\t\t\t<\/div>\n\t\t\t\t<\/div>\n\t\t\t\t<div class=\"elementor-element elementor-element-1e084c72 elementor-widget elementor-widget-heading\" data-id=\"1e084c72\" data-element_type=\"widget\" data-widget_type=\"heading.default\">\n\t\t\t\t<div class=\"elementor-widget-container\">\n\t\t\t\t\t<span class=\"elementor-heading-title elementor-size-default\">Aena, empresa l\u00edder en la gesti\u00f3 aeroportu\u00e0ria<\/span>\t\t\t\t<\/div>\n\t\t\t\t<\/div>\n\t\t\t\t\t<\/div>\n\t\t\t\t<\/div>\n\t\t<div class=\"elementor-element elementor-element-c19cf0c e-flex e-con-boxed e-con e-parent\" data-id=\"c19cf0c\" data-element_type=\"container\">\n\t\t\t\t\t<div class=\"e-con-inner\">\n\t\t<div class=\"elementor-element elementor-element-13047b5 e-con-full e-flex e-con e-child\" data-id=\"13047b5\" data-element_type=\"container\">\n\t\t\t\t<div class=\"elementor-element elementor-element-9c5a8a9 elementor-widget elementor-widget-spacer\" data-id=\"9c5a8a9\" data-element_type=\"widget\" data-widget_type=\"spacer.default\">\n\t\t\t\t<div class=\"elementor-widget-container\">\n\t\t\t\t\t\t\t<div class=\"elementor-spacer\">\n\t\t\t<div class=\"elementor-spacer-inner\"><\/div>\n\t\t<\/div>\n\t\t\t\t\t\t<\/div>\n\t\t\t\t<\/div>\n\t\t\t\t<\/div>\n\t\t<div class=\"elementor-element elementor-element-0ab5330 e-con-full e-flex e-con e-child\" data-id=\"0ab5330\" data-element_type=\"container\">\n\t\t\t\t<div class=\"elementor-element elementor-element-bc1f69a elementor-widget elementor-widget-text-editor\" data-id=\"bc1f69a\" data-element_type=\"widget\" data-widget_type=\"text-editor.default\">\n\t\t\t\t<div class=\"elementor-widget-container\">\n\t\t\t\t\t\t\t\t\t<p>Aena, empresa l\u00edder en la gesti\u00f3 aeroportu\u00e0ria per nombre de passatgers, opera 46 aeroports i dos heliports a Espanya i t\u00e9 pres\u00e8ncia internacional al Brasil, Col\u00f2mbia, M\u00e8xic i el Regne Unit, fet que la converteix en la companyia aeroportu\u00e0ria m\u00e9s gran del m\u00f3n en termes de passatgers. La seva missi\u00f3 no nom\u00e9s \u00e9s connectar persones, sin\u00f3 millorar cont\u00ednuament l&#8217;experi\u00e8ncia dels passatgers i de les empreses que presten servei a les seves instal\u00b7lacions. En aquesta l\u00ednia, Aena est\u00e0 profundament compromesa amb la sostenibilitat i ha adoptat el Pla d&#8217;Acci\u00f3 Clim\u00e0tica 2021-2030, orientat a assolir les zero emissions i optimitzar l&#8217;efici\u00e8ncia energ\u00e8tica a tots els aeroports.  <\/p>\t\t\t\t\t\t\t\t<\/div>\n\t\t\t\t<\/div>\n\t\t\t\t<div class=\"elementor-element elementor-element-a093916 elementor-widget elementor-widget-heading\" data-id=\"a093916\" data-element_type=\"widget\" data-widget_type=\"heading.default\">\n\t\t\t\t<div class=\"elementor-widget-container\">\n\t\t\t\t\t<h2 class=\"elementor-heading-title elementor-size-default\">Aena, compromesa amb la remodelaci\u00f3 de l\u2019Aeroport de Palma de Mallorca<\/h2>\t\t\t\t<\/div>\n\t\t\t\t<\/div>\n\t\t\t\t<div class=\"elementor-element elementor-element-68cc6cd elementor-widget elementor-widget-text-editor\" data-id=\"68cc6cd\" data-element_type=\"widget\" data-widget_type=\"text-editor.default\">\n\t\t\t\t<div class=\"elementor-widget-container\">\n\t\t\t\t\t\t\t\t\t<p>A l\u2019Aeroport de Palma de Mallorca, aquest comprom\u00eds es tradueix en una renovaci\u00f3 integral que respecta l\u2019estructura de l\u2019edifici, integrant aven\u00e7os tecnol\u00f2gics i millores en els processos aeroportuaris. La visi\u00f3 d\u2019Aena \u00e9s oferir una infraestructura capdavantera que sigui c\u00f2moda, segura i respectuosa amb el medi ambient, impulsant el servei al territori, aix\u00ed com a l\u2019economia local, i proporcionant als residents i visitants de Mallorca una experi\u00e8ncia de viatge d\u2019alta qualitat. <\/span><\/p>\t\t\t\t\t\t\t\t<\/div>\n\t\t\t\t<\/div>\n\t\t\t\t<div class=\"elementor-element elementor-element-6355ed0 elementor-widget elementor-widget-spacer\" data-id=\"6355ed0\" data-element_type=\"widget\" data-widget_type=\"spacer.default\">\n\t\t\t\t<div class=\"elementor-widget-container\">\n\t\t\t\t\t\t\t<div class=\"elementor-spacer\">\n\t\t\t<div class=\"elementor-spacer-inner\"><\/div>\n\t\t<\/div>\n\t\t\t\t\t\t<\/div>\n\t\t\t\t<\/div>\n\t\t\t\t<\/div>\n\t\t<div class=\"elementor-element elementor-element-da30ba0 e-con-full e-flex e-con e-child\" data-id=\"da30ba0\" data-element_type=\"container\">\n\t\t<div class=\"elementor-element elementor-element-7625cca e-con-full e-flex e-con e-child\" data-id=\"7625cca\" data-element_type=\"container\">\n\t\t<div class=\"elementor-element elementor-element-a598edd e-con-full e-flex e-con e-child\" data-id=\"a598edd\" data-element_type=\"container\">\n\t\t\t\t<div class=\"elementor-element elementor-element-eea8e67 elementor-widget elementor-widget-image\" data-id=\"eea8e67\" data-element_type=\"widget\" data-widget_type=\"image.default\">\n\t\t\t\t<div class=\"elementor-widget-container\">\n\t\t\t\t\t\t\t\t\t\t\t\t\t\t\t<img fetchpriority=\"high\" decoding=\"async\" width=\"900\" height=\"480\" src=\"https:\/\/remodelacion-aeropuerto-palma-mallorca.es\/wp-content\/uploads\/2025\/06\/exterior.webp\" class=\"attachment-full size-full wp-image-3265\" alt=\"\" srcset=\"https:\/\/remodelacion-aeropuerto-palma-mallorca.es\/wp-content\/uploads\/2025\/06\/exterior.webp 900w, https:\/\/remodelacion-aeropuerto-palma-mallorca.es\/wp-content\/uploads\/2025\/06\/exterior-300x160.webp 300w, https:\/\/remodelacion-aeropuerto-palma-mallorca.es\/wp-content\/uploads\/2025\/06\/exterior-768x410.webp 768w\" sizes=\"(max-width: 900px) 100vw, 900px\" \/>\t\t\t\t\t\t\t\t\t\t\t\t\t\t\t<\/div>\n\t\t\t\t<\/div>\n\t\t\t\t<\/div>\n\t\t<div class=\"elementor-element elementor-element-84e1b39 e-con-full e-flex e-con e-child\" data-id=\"84e1b39\" data-element_type=\"container\">\n\t\t\t\t<div class=\"elementor-element elementor-element-957f5df elementor-widget elementor-widget-image\" data-id=\"957f5df\" data-element_type=\"widget\" data-widget_type=\"image.default\">\n\t\t\t\t<div class=\"elementor-widget-container\">\n\t\t\t\t\t\t\t\t\t\t\t\t\t\t\t<img decoding=\"async\" width=\"2048\" height=\"1365\" src=\"https:\/\/remodelacion-aeropuerto-palma-mallorca.es\/wp-content\/uploads\/2025\/06\/aena.webp\" class=\"attachment-full size-full wp-image-3268\" alt=\"\" srcset=\"https:\/\/remodelacion-aeropuerto-palma-mallorca.es\/wp-content\/uploads\/2025\/06\/aena.webp 2048w, https:\/\/remodelacion-aeropuerto-palma-mallorca.es\/wp-content\/uploads\/2025\/06\/aena-300x200.webp 300w, https:\/\/remodelacion-aeropuerto-palma-mallorca.es\/wp-content\/uploads\/2025\/06\/aena-1024x683.webp 1024w, https:\/\/remodelacion-aeropuerto-palma-mallorca.es\/wp-content\/uploads\/2025\/06\/aena-768x512.webp 768w, https:\/\/remodelacion-aeropuerto-palma-mallorca.es\/wp-content\/uploads\/2025\/06\/aena-1536x1024.webp 1536w\" sizes=\"(max-width: 2048px) 100vw, 2048px\" \/>\t\t\t\t\t\t\t\t\t\t\t\t\t\t\t<\/div>\n\t\t\t\t<\/div>\n\t\t\t\t<\/div>\n\t\t\t\t<\/div>\n\t\t\t\t<\/div>\n\t\t\t\t<div class=\"elementor-element elementor-element-c2657f5 elementor-widget elementor-widget-spacer\" data-id=\"c2657f5\" data-element_type=\"widget\" data-widget_type=\"spacer.default\">\n\t\t\t\t<div class=\"elementor-widget-container\">\n\t\t\t\t\t\t\t<div class=\"elementor-spacer\">\n\t\t\t<div class=\"elementor-spacer-inner\"><\/div>\n\t\t<\/div>\n\t\t\t\t\t\t<\/div>\n\t\t\t\t<\/div>\n\t\t\t\t\t<\/div>\n\t\t\t\t<\/div>\n\t\t\t\t<\/div>\n\t\t","protected":false},"excerpt":{"rendered":"<p>Inici Aena, empresa l\u00edder en la gesti\u00f3 aeroportu\u00e0ria per nombre de passatgers, opera 46 aeroports i dos heliports a Espanya i t\u00e9 pres\u00e8ncia internacional al Brasil, Col\u00f2mbia, M\u00e8xic i el Regne Unit, fet que la converteix en la companyia aeroportu\u00e0ria m\u00e9s gran del m\u00f3n en termes de passatgers. La seva missi\u00f3 no nom\u00e9s \u00e9s connectar [&hellip;]<\/p>\n","protected":false},"author":1,"featured_media":0,"parent":0,"menu_order":0,"comment_status":"closed","ping_status":"closed","template":"elementor_header_footer","meta":{"_acf_changed":false,"footnotes":""},"class_list":["post-2907","page","type-page","status-publish","hentry"],"acf":[],"yoast_head":"<!-- This site is optimized with the Yoast SEO plugin v26.7 - https:\/\/yoast.com\/wordpress\/plugins\/seo\/ -->\n<title>Promotor de la Remodelaci\u00f3 de l\u2019Aeroport de Palma | Aena<\/title>\n<meta name=\"description\" content=\"Aena lidera la transformaci\u00f3 de l\u2019aeroport de Palma amb un projecte innovador centrat en la sostenibilitat, el confort i l\u2019experi\u00e8ncia del viatger.\" \/>\n<meta name=\"robots\" content=\"index, follow, max-snippet:-1, max-image-preview:large, max-video-preview:-1\" \/>\n<link rel=\"canonical\" href=\"https:\/\/remodelacion-aeropuerto-palma-mallorca.es\/ca\/aena\/\" \/>\n<meta property=\"og:locale\" content=\"ca_ES\" \/>\n<meta property=\"og:type\" content=\"article\" \/>\n<meta property=\"og:title\" content=\"Promotor de la Remodelaci\u00f3 de l\u2019Aeroport de Palma | Aena\" \/>\n<meta property=\"og:description\" content=\"Aena lidera la transformaci\u00f3 de l\u2019aeroport de Palma amb un projecte innovador centrat en la sostenibilitat, el confort i l\u2019experi\u00e8ncia del viatger.\" \/>\n<meta property=\"og:url\" content=\"https:\/\/remodelacion-aeropuerto-palma-mallorca.es\/ca\/aena\/\" \/>\n<meta property=\"og:site_name\" content=\"Aena\" \/>\n<meta property=\"article:modified_time\" content=\"2025-11-27T10:29:26+00:00\" \/>\n<meta property=\"og:image\" content=\"https:\/\/remodelacion-aeropuerto-palma-mallorca.es\/wp-content\/uploads\/2025\/06\/exterior.webp\" \/>\n\t<meta property=\"og:image:width\" content=\"900\" \/>\n\t<meta property=\"og:image:height\" content=\"480\" \/>\n\t<meta property=\"og:image:type\" content=\"image\/webp\" \/>\n<meta name=\"twitter:card\" content=\"summary_large_image\" \/>\n<meta name=\"twitter:label1\" content=\"Temps estimat de lectura\" \/>\n\t<meta name=\"twitter:data1\" content=\"2 minuts\" \/>\n<script type=\"application\/ld+json\" class=\"yoast-schema-graph\">{\"@context\":\"https:\/\/schema.org\",\"@graph\":[{\"@type\":\"WebPage\",\"@id\":\"https:\/\/remodelacion-aeropuerto-palma-mallorca.es\/ca\/aena\/\",\"url\":\"https:\/\/remodelacion-aeropuerto-palma-mallorca.es\/ca\/aena\/\",\"name\":\"Promotor de la Remodelaci\u00f3 de l\u2019Aeroport de Palma | Aena\",\"isPartOf\":{\"@id\":\"https:\/\/remodelacion-aeropuerto-palma-mallorca.es\/ca\/#website\"},\"primaryImageOfPage\":{\"@id\":\"https:\/\/remodelacion-aeropuerto-palma-mallorca.es\/ca\/aena\/#primaryimage\"},\"image\":{\"@id\":\"https:\/\/remodelacion-aeropuerto-palma-mallorca.es\/ca\/aena\/#primaryimage\"},\"thumbnailUrl\":\"https:\/\/remodelacion-aeropuerto-palma-mallorca.es\/wp-content\/uploads\/2025\/06\/exterior.webp\",\"datePublished\":\"2024-11-29T10:32:11+00:00\",\"dateModified\":\"2025-11-27T10:29:26+00:00\",\"description\":\"Aena lidera la transformaci\u00f3 de l\u2019aeroport de Palma amb un projecte innovador centrat en la sostenibilitat, el confort i l\u2019experi\u00e8ncia del viatger.\",\"breadcrumb\":{\"@id\":\"https:\/\/remodelacion-aeropuerto-palma-mallorca.es\/ca\/aena\/#breadcrumb\"},\"inLanguage\":\"ca\",\"potentialAction\":[{\"@type\":\"ReadAction\",\"target\":[\"https:\/\/remodelacion-aeropuerto-palma-mallorca.es\/ca\/aena\/\"]}]},{\"@type\":\"ImageObject\",\"inLanguage\":\"ca\",\"@id\":\"https:\/\/remodelacion-aeropuerto-palma-mallorca.es\/ca\/aena\/#primaryimage\",\"url\":\"https:\/\/remodelacion-aeropuerto-palma-mallorca.es\/wp-content\/uploads\/2025\/06\/exterior.webp\",\"contentUrl\":\"https:\/\/remodelacion-aeropuerto-palma-mallorca.es\/wp-content\/uploads\/2025\/06\/exterior.webp\"},{\"@type\":\"BreadcrumbList\",\"@id\":\"https:\/\/remodelacion-aeropuerto-palma-mallorca.es\/ca\/aena\/#breadcrumb\",\"itemListElement\":[{\"@type\":\"ListItem\",\"position\":1,\"name\":\"Portada\",\"item\":\"https:\/\/remodelacion-aeropuerto-palma-mallorca.es\/ca\/inici\/\"},{\"@type\":\"ListItem\",\"position\":2,\"name\":\"Aena, empresa l\u00edder en la gesti\u00f3 aeroportu\u00e0ria\"}]},{\"@type\":\"WebSite\",\"@id\":\"https:\/\/remodelacion-aeropuerto-palma-mallorca.es\/ca\/#website\",\"url\":\"https:\/\/remodelacion-aeropuerto-palma-mallorca.es\/ca\/\",\"name\":\"Aena\",\"description\":\"\",\"publisher\":{\"@id\":\"https:\/\/remodelacion-aeropuerto-palma-mallorca.es\/ca\/#organization\"},\"potentialAction\":[{\"@type\":\"SearchAction\",\"target\":{\"@type\":\"EntryPoint\",\"urlTemplate\":\"https:\/\/remodelacion-aeropuerto-palma-mallorca.es\/ca\/?s={search_term_string}\"},\"query-input\":{\"@type\":\"PropertyValueSpecification\",\"valueRequired\":true,\"valueName\":\"search_term_string\"}}],\"inLanguage\":\"ca\"},{\"@type\":\"Organization\",\"@id\":\"https:\/\/remodelacion-aeropuerto-palma-mallorca.es\/ca\/#organization\",\"name\":\"Aena\",\"url\":\"https:\/\/remodelacion-aeropuerto-palma-mallorca.es\/ca\/\",\"logo\":{\"@type\":\"ImageObject\",\"inLanguage\":\"ca\",\"@id\":\"https:\/\/remodelacion-aeropuerto-palma-mallorca.es\/ca\/#\/schema\/logo\/image\/\",\"url\":\"https:\/\/remodelacion-aeropuerto-palma-mallorca.es\/wp-content\/uploads\/2024\/11\/Aena_APT_Fondo-Azul_RGB-2.svg\",\"contentUrl\":\"https:\/\/remodelacion-aeropuerto-palma-mallorca.es\/wp-content\/uploads\/2024\/11\/Aena_APT_Fondo-Azul_RGB-2.svg\",\"caption\":\"Aena\"},\"image\":{\"@id\":\"https:\/\/remodelacion-aeropuerto-palma-mallorca.es\/ca\/#\/schema\/logo\/image\/\"}}]}<\/script>\n<!-- \/ Yoast SEO plugin. -->","yoast_head_json":{"title":"Promotor de la Remodelaci\u00f3 de l\u2019Aeroport de Palma | Aena","description":"Aena lidera la transformaci\u00f3 de l\u2019aeroport de Palma amb un projecte innovador centrat en la sostenibilitat, el confort i l\u2019experi\u00e8ncia del viatger.","robots":{"index":"index","follow":"follow","max-snippet":"max-snippet:-1","max-image-preview":"max-image-preview:large","max-video-preview":"max-video-preview:-1"},"canonical":"https:\/\/remodelacion-aeropuerto-palma-mallorca.es\/ca\/aena\/","og_locale":"ca_ES","og_type":"article","og_title":"Promotor de la Remodelaci\u00f3 de l\u2019Aeroport de Palma | Aena","og_description":"Aena lidera la transformaci\u00f3 de l\u2019aeroport de Palma amb un projecte innovador centrat en la sostenibilitat, el confort i l\u2019experi\u00e8ncia del viatger.","og_url":"https:\/\/remodelacion-aeropuerto-palma-mallorca.es\/ca\/aena\/","og_site_name":"Aena","article_modified_time":"2025-11-27T10:29:26+00:00","og_image":[{"width":900,"height":480,"url":"https:\/\/remodelacion-aeropuerto-palma-mallorca.es\/wp-content\/uploads\/2025\/06\/exterior.webp","type":"image\/webp"}],"twitter_card":"summary_large_image","twitter_misc":{"Temps estimat de lectura":"2 minuts"},"schema":{"@context":"https:\/\/schema.org","@graph":[{"@type":"WebPage","@id":"https:\/\/remodelacion-aeropuerto-palma-mallorca.es\/ca\/aena\/","url":"https:\/\/remodelacion-aeropuerto-palma-mallorca.es\/ca\/aena\/","name":"Promotor de la Remodelaci\u00f3 de l\u2019Aeroport de Palma | Aena","isPartOf":{"@id":"https:\/\/remodelacion-aeropuerto-palma-mallorca.es\/ca\/#website"},"primaryImageOfPage":{"@id":"https:\/\/remodelacion-aeropuerto-palma-mallorca.es\/ca\/aena\/#primaryimage"},"image":{"@id":"https:\/\/remodelacion-aeropuerto-palma-mallorca.es\/ca\/aena\/#primaryimage"},"thumbnailUrl":"https:\/\/remodelacion-aeropuerto-palma-mallorca.es\/wp-content\/uploads\/2025\/06\/exterior.webp","datePublished":"2024-11-29T10:32:11+00:00","dateModified":"2025-11-27T10:29:26+00:00","description":"Aena lidera la transformaci\u00f3 de l\u2019aeroport de Palma amb un projecte innovador centrat en la sostenibilitat, el confort i l\u2019experi\u00e8ncia del viatger.","breadcrumb":{"@id":"https:\/\/remodelacion-aeropuerto-palma-mallorca.es\/ca\/aena\/#breadcrumb"},"inLanguage":"ca","potentialAction":[{"@type":"ReadAction","target":["https:\/\/remodelacion-aeropuerto-palma-mallorca.es\/ca\/aena\/"]}]},{"@type":"ImageObject","inLanguage":"ca","@id":"https:\/\/remodelacion-aeropuerto-palma-mallorca.es\/ca\/aena\/#primaryimage","url":"https:\/\/remodelacion-aeropuerto-palma-mallorca.es\/wp-content\/uploads\/2025\/06\/exterior.webp","contentUrl":"https:\/\/remodelacion-aeropuerto-palma-mallorca.es\/wp-content\/uploads\/2025\/06\/exterior.webp"},{"@type":"BreadcrumbList","@id":"https:\/\/remodelacion-aeropuerto-palma-mallorca.es\/ca\/aena\/#breadcrumb","itemListElement":[{"@type":"ListItem","position":1,"name":"Portada","item":"https:\/\/remodelacion-aeropuerto-palma-mallorca.es\/ca\/inici\/"},{"@type":"ListItem","position":2,"name":"Aena, empresa l\u00edder en la gesti\u00f3 aeroportu\u00e0ria"}]},{"@type":"WebSite","@id":"https:\/\/remodelacion-aeropuerto-palma-mallorca.es\/ca\/#website","url":"https:\/\/remodelacion-aeropuerto-palma-mallorca.es\/ca\/","name":"Aena","description":"","publisher":{"@id":"https:\/\/remodelacion-aeropuerto-palma-mallorca.es\/ca\/#organization"},"potentialAction":[{"@type":"SearchAction","target":{"@type":"EntryPoint","urlTemplate":"https:\/\/remodelacion-aeropuerto-palma-mallorca.es\/ca\/?s={search_term_string}"},"query-input":{"@type":"PropertyValueSpecification","valueRequired":true,"valueName":"search_term_string"}}],"inLanguage":"ca"},{"@type":"Organization","@id":"https:\/\/remodelacion-aeropuerto-palma-mallorca.es\/ca\/#organization","name":"Aena","url":"https:\/\/remodelacion-aeropuerto-palma-mallorca.es\/ca\/","logo":{"@type":"ImageObject","inLanguage":"ca","@id":"https:\/\/remodelacion-aeropuerto-palma-mallorca.es\/ca\/#\/schema\/logo\/image\/","url":"https:\/\/remodelacion-aeropuerto-palma-mallorca.es\/wp-content\/uploads\/2024\/11\/Aena_APT_Fondo-Azul_RGB-2.svg","contentUrl":"https:\/\/remodelacion-aeropuerto-palma-mallorca.es\/wp-content\/uploads\/2024\/11\/Aena_APT_Fondo-Azul_RGB-2.svg","caption":"Aena"},"image":{"@id":"https:\/\/remodelacion-aeropuerto-palma-mallorca.es\/ca\/#\/schema\/logo\/image\/"}}]}},"_links":{"self":[{"href":"https:\/\/remodelacion-aeropuerto-palma-mallorca.es\/ca\/wp-json\/wp\/v2\/pages\/2907","targetHints":{"allow":["GET"]}}],"collection":[{"href":"https:\/\/remodelacion-aeropuerto-palma-mallorca.es\/ca\/wp-json\/wp\/v2\/pages"}],"about":[{"href":"https:\/\/remodelacion-aeropuerto-palma-mallorca.es\/ca\/wp-json\/wp\/v2\/types\/page"}],"author":[{"embeddable":true,"href":"https:\/\/remodelacion-aeropuerto-palma-mallorca.es\/ca\/wp-json\/wp\/v2\/users\/1"}],"replies":[{"embeddable":true,"href":"https:\/\/remodelacion-aeropuerto-palma-mallorca.es\/ca\/wp-json\/wp\/v2\/comments?post=2907"}],"version-history":[{"count":29,"href":"https:\/\/remodelacion-aeropuerto-palma-mallorca.es\/ca\/wp-json\/wp\/v2\/pages\/2907\/revisions"}],"predecessor-version":[{"id":4320,"href":"https:\/\/remodelacion-aeropuerto-palma-mallorca.es\/ca\/wp-json\/wp\/v2\/pages\/2907\/revisions\/4320"}],"wp:attachment":[{"href":"https:\/\/remodelacion-aeropuerto-palma-mallorca.es\/ca\/wp-json\/wp\/v2\/media?parent=2907"}],"curies":[{"name":"wp","href":"https:\/\/api.w.org\/{rel}","templated":true}]}}