{"id":2909,"date":"2025-05-26T11:19:59","date_gmt":"2025-05-26T09:19:59","guid":{"rendered":"https:\/\/aenadisset.rwdesarrollos.es\/fites-del-projecte\/nuevo-control-de-passaports-modul-a\/"},"modified":"2026-01-12T14:45:19","modified_gmt":"2026-01-12T13:45:19","slug":"nuevo-control-de-passaports-modul-a","status":"publish","type":"page","link":"https:\/\/remodelacion-aeropuerto-palma-mallorca.es\/ca\/fites-del-projecte\/nuevo-control-de-passaports-modul-a\/","title":{"rendered":"Nou control de passaports (M\u00f2dul A)"},"content":{"rendered":"\t\t<div data-elementor-type=\"wp-page\" data-elementor-id=\"2909\" class=\"elementor elementor-2909 elementor-2847\" data-elementor-post-type=\"page\">\n\t\t\t\t<div class=\"elementor-element elementor-element-fa80f4a e-flex e-con-boxed e-con e-parent\" data-id=\"fa80f4a\" data-element_type=\"container\">\n\t\t\t\t\t<div class=\"e-con-inner\">\n\t\t\t\t<div class=\"elementor-element elementor-element-5ec674f underline elementor-widget elementor-widget-button\" data-id=\"5ec674f\" data-element_type=\"widget\" data-widget_type=\"button.default\">\n\t\t\t\t<div class=\"elementor-widget-container\">\n\t\t\t\t\t\t\t\t\t<div class=\"elementor-button-wrapper\">\n\t\t\t\t\t<a class=\"elementor-button elementor-button-link elementor-size-sm\" href=\"https:\/\/remodelacion-aeropuerto-palma-mallorca.es\/ca\/\">\n\t\t\t\t\t\t<span class=\"elementor-button-content-wrapper\">\n\t\t\t\t\t\t<span class=\"elementor-button-icon\">\n\t\t\t\t<svg aria-hidden=\"true\" class=\"e-font-icon-svg e-fas-chevron-right\" viewBox=\"0 0 320 512\" xmlns=\"http:\/\/www.w3.org\/2000\/svg\"><path d=\"M285.476 272.971L91.132 467.314c-9.373 9.373-24.569 9.373-33.941 0l-22.667-22.667c-9.357-9.357-9.375-24.522-.04-33.901L188.505 256 34.484 101.255c-9.335-9.379-9.317-24.544.04-33.901l22.667-22.667c9.373-9.373 24.569-9.373 33.941 0L285.475 239.03c9.373 9.372 9.373 24.568.001 33.941z\"><\/path><\/svg>\t\t\t<\/span>\n\t\t\t\t\t\t\t\t\t<span class=\"elementor-button-text\">Inici<\/span>\n\t\t\t\t\t<\/span>\n\t\t\t\t\t<\/a>\n\t\t\t\t<\/div>\n\t\t\t\t\t\t\t\t<\/div>\n\t\t\t\t<\/div>\n\t\t\t\t<div class=\"elementor-element elementor-element-e119648 underline elementor-widget elementor-widget-button\" data-id=\"e119648\" data-element_type=\"widget\" data-widget_type=\"button.default\">\n\t\t\t\t<div class=\"elementor-widget-container\">\n\t\t\t\t\t\t\t\t\t<div class=\"elementor-button-wrapper\">\n\t\t\t\t\t<a class=\"elementor-button elementor-button-link elementor-size-sm\" href=\"https:\/\/remodelacion-aeropuerto-palma-mallorca.es\/ca\/fites-del-projecte\/\">\n\t\t\t\t\t\t<span class=\"elementor-button-content-wrapper\">\n\t\t\t\t\t\t<span class=\"elementor-button-icon\">\n\t\t\t\t<svg aria-hidden=\"true\" class=\"e-font-icon-svg e-fas-chevron-right\" viewBox=\"0 0 320 512\" xmlns=\"http:\/\/www.w3.org\/2000\/svg\"><path d=\"M285.476 272.971L91.132 467.314c-9.373 9.373-24.569 9.373-33.941 0l-22.667-22.667c-9.357-9.357-9.375-24.522-.04-33.901L188.505 256 34.484 101.255c-9.335-9.379-9.317-24.544.04-33.901l22.667-22.667c9.373-9.373 24.569-9.373 33.941 0L285.475 239.03c9.373 9.372 9.373 24.568.001 33.941z\"><\/path><\/svg>\t\t\t<\/span>\n\t\t\t\t\t\t\t\t\t<span class=\"elementor-button-text\">Fites del projecte de remodelaci\u00f3<\/span>\n\t\t\t\t\t<\/span>\n\t\t\t\t\t<\/a>\n\t\t\t\t<\/div>\n\t\t\t\t\t\t\t\t<\/div>\n\t\t\t\t<\/div>\n\t\t\t\t<div class=\"elementor-element elementor-element-0b59f16 elementor-widget elementor-widget-heading\" data-id=\"0b59f16\" data-element_type=\"widget\" data-widget_type=\"heading.default\">\n\t\t\t\t<div class=\"elementor-widget-container\">\n\t\t\t\t\t<span class=\"elementor-heading-title elementor-size-default\">Nou control de passaports (M\u00f2dul A)<\/span>\t\t\t\t<\/div>\n\t\t\t\t<\/div>\n\t\t\t\t\t<\/div>\n\t\t\t\t<\/div>\n\t\t<div class=\"elementor-element elementor-element-193ce15 js-section e-flex e-con-boxed e-con e-parent\" data-id=\"193ce15\" data-element_type=\"container\">\n\t\t\t\t\t<div class=\"e-con-inner\">\n\t\t<div class=\"elementor-element elementor-element-65c0a4f e-con-full e-flex e-con e-child\" data-id=\"65c0a4f\" data-element_type=\"container\">\n\t\t\t\t<div class=\"elementor-element elementor-element-0254834 elementor-widget elementor-widget-heading\" data-id=\"0254834\" data-element_type=\"widget\" data-widget_type=\"heading.default\">\n\t\t\t\t<div class=\"elementor-widget-container\">\n\t\t\t\t\t<h2 class=\"elementor-heading-title elementor-size-default\">Nou control de passaports (M\u00f2dul A)<\/h2>\t\t\t\t<\/div>\n\t\t\t\t<\/div>\n\t\t\t\t<div class=\"elementor-element elementor-element-87746b1 elementor-widget-divider--view-line elementor-widget elementor-widget-divider\" data-id=\"87746b1\" data-element_type=\"widget\" data-widget_type=\"divider.default\">\n\t\t\t\t<div class=\"elementor-widget-container\">\n\t\t\t\t\t\t\t<div class=\"elementor-divider\">\n\t\t\t<span class=\"elementor-divider-separator\">\n\t\t\t\t\t\t<\/span>\n\t\t<\/div>\n\t\t\t\t\t\t<\/div>\n\t\t\t\t<\/div>\n\t\t\t\t<div class=\"elementor-element elementor-element-602135c elementor-widget elementor-widget-heading\" data-id=\"602135c\" data-element_type=\"widget\" data-widget_type=\"heading.default\">\n\t\t\t\t<div class=\"elementor-widget-container\">\n\t\t\t\t\t<h3 class=\"elementor-heading-title elementor-size-default\">Abril 2024<\/h3>\t\t\t\t<\/div>\n\t\t\t\t<\/div>\n\t\t\t\t<\/div>\n\t\t<div class=\"elementor-element elementor-element-bba862b e-con-full e-flex e-con e-child\" data-id=\"bba862b\" data-element_type=\"container\">\n\t\t\t\t<div class=\"elementor-element elementor-element-f747005 elementor-widget elementor-widget-text-editor\" data-id=\"f747005\" data-element_type=\"widget\" data-widget_type=\"text-editor.default\">\n\t\t\t\t<div class=\"elementor-widget-container\">\n\t\t\t\t\t\t\t\t\t<p>Dins de les m\u00faltiples millores destacables previstes en el projecte, una de les primeres a implantar-se ha estat la nova ubicaci\u00f3 del control de passaports de sortides al M\u00f2dul A. Aquesta nova zona, dotada amb tecnologia moderna, est\u00e0 destinada als passatgers que volen a destinacions de pa\u00efsos fora de la zona Schengen, principalment el Regne Unit i els Estats Units. L\u2019objectiu \u00e9s repercutir directament en una millora de l\u2019experi\u00e8ncia del passatger.<\/p>\t\t\t\t\t\t\t\t<\/div>\n\t\t\t\t<\/div>\n\t\t\t\t<\/div>\n\t\t<div class=\"elementor-element elementor-element-6218088 e-con-full e-flex e-con e-child\" data-id=\"6218088\" data-element_type=\"container\">\n\t\t<div class=\"elementor-element elementor-element-b479e20 e-con-full e-flex e-con e-child\" data-id=\"b479e20\" data-element_type=\"container\">\n\t\t\t\t<div class=\"elementor-element elementor-element-25c1f3e elementor-widget elementor-widget-image\" data-id=\"25c1f3e\" data-element_type=\"widget\" data-widget_type=\"image.default\">\n\t\t\t\t<div class=\"elementor-widget-container\">\n\t\t\t\t\t\t\t\t\t\t\t\t\t\t\t<img fetchpriority=\"high\" decoding=\"async\" width=\"1665\" height=\"1002\" src=\"https:\/\/remodelacion-aeropuerto-palma-mallorca.es\/wp-content\/uploads\/2024\/12\/image-1.webp\" class=\"attachment-full size-full wp-image-1730\" alt=\"\" srcset=\"https:\/\/remodelacion-aeropuerto-palma-mallorca.es\/wp-content\/uploads\/2024\/12\/image-1.webp 1665w, https:\/\/remodelacion-aeropuerto-palma-mallorca.es\/wp-content\/uploads\/2024\/12\/image-1-300x181.webp 300w, https:\/\/remodelacion-aeropuerto-palma-mallorca.es\/wp-content\/uploads\/2024\/12\/image-1-1024x616.webp 1024w, https:\/\/remodelacion-aeropuerto-palma-mallorca.es\/wp-content\/uploads\/2024\/12\/image-1-768x462.webp 768w, https:\/\/remodelacion-aeropuerto-palma-mallorca.es\/wp-content\/uploads\/2024\/12\/image-1-1536x924.webp 1536w\" sizes=\"(max-width: 1665px) 100vw, 1665px\" \/>\t\t\t\t\t\t\t\t\t\t\t\t\t\t\t<\/div>\n\t\t\t\t<\/div>\n\t\t\t\t<div class=\"elementor-element elementor-element-80b8d22 elementor-widget elementor-widget-heading\" data-id=\"80b8d22\" data-element_type=\"widget\" data-widget_type=\"heading.default\">\n\t\t\t\t<div class=\"elementor-widget-container\">\n\t\t\t\t\t<h2 class=\"elementor-heading-title elementor-size-default\">Control de passaports per a passatgers de sortida<\/h2>\t\t\t\t<\/div>\n\t\t\t\t<\/div>\n\t\t\t\t<\/div>\n\t\t<div class=\"elementor-element elementor-element-a09c860 e-con-full e-flex e-con e-child\" data-id=\"a09c860\" data-element_type=\"container\">\n\t\t\t\t<div class=\"elementor-element elementor-element-16196e6 elementor-widget elementor-widget-image\" data-id=\"16196e6\" data-element_type=\"widget\" data-widget_type=\"image.default\">\n\t\t\t\t<div class=\"elementor-widget-container\">\n\t\t\t\t\t\t\t\t\t\t\t\t\t\t\t<img decoding=\"async\" width=\"1651\" height=\"869\" src=\"https:\/\/remodelacion-aeropuerto-palma-mallorca.es\/wp-content\/uploads\/2024\/12\/image-1-1.webp\" class=\"attachment-full size-full wp-image-1733\" alt=\"\" srcset=\"https:\/\/remodelacion-aeropuerto-palma-mallorca.es\/wp-content\/uploads\/2024\/12\/image-1-1.webp 1651w, https:\/\/remodelacion-aeropuerto-palma-mallorca.es\/wp-content\/uploads\/2024\/12\/image-1-1-300x158.webp 300w, https:\/\/remodelacion-aeropuerto-palma-mallorca.es\/wp-content\/uploads\/2024\/12\/image-1-1-1024x539.webp 1024w, https:\/\/remodelacion-aeropuerto-palma-mallorca.es\/wp-content\/uploads\/2024\/12\/image-1-1-768x404.webp 768w, https:\/\/remodelacion-aeropuerto-palma-mallorca.es\/wp-content\/uploads\/2024\/12\/image-1-1-1536x808.webp 1536w\" sizes=\"(max-width: 1651px) 100vw, 1651px\" \/>\t\t\t\t\t\t\t\t\t\t\t\t\t\t\t<\/div>\n\t\t\t\t<\/div>\n\t\t\t\t<div class=\"elementor-element elementor-element-4b2f89f elementor-widget elementor-widget-heading\" data-id=\"4b2f89f\" data-element_type=\"widget\" data-widget_type=\"heading.default\">\n\t\t\t\t<div class=\"elementor-widget-container\">\n\t\t\t\t\t<h2 class=\"elementor-heading-title elementor-size-default\">Control de passaports per a passatgers de sortida<\/h2>\t\t\t\t<\/div>\n\t\t\t\t<\/div>\n\t\t\t\t<\/div>\n\t\t\t\t<\/div>\n\t\t\t\t\t<\/div>\n\t\t\t\t<\/div>\n\t\t\t\t<\/div>\n\t\t","protected":false},"excerpt":{"rendered":"<p>Inici Fites del projecte de remodelaci\u00f3 Nou control de passaports (M\u00f2dul A) Abril 2024 Dins de les m\u00faltiples millores destacables previstes en el projecte, una de les primeres a implantar-se ha estat la nova ubicaci\u00f3 del control de passaports de sortides al M\u00f2dul A. Aquesta nova zona, dotada amb tecnologia moderna, est\u00e0 destinada als passatgers [&hellip;]<\/p>\n","protected":false},"author":1,"featured_media":0,"parent":2299,"menu_order":0,"comment_status":"closed","ping_status":"closed","template":"","meta":{"_acf_changed":false,"footnotes":""},"class_list":["post-2909","page","type-page","status-publish","hentry"],"acf":[],"yoast_head":"<!-- This site is optimized with the Yoast SEO plugin v26.7 - https:\/\/yoast.com\/wordpress\/plugins\/seo\/ -->\n<title>Nou control de passaports (M\u00f2dul A) - Aena<\/title>\n<meta name=\"robots\" content=\"index, follow, max-snippet:-1, max-image-preview:large, max-video-preview:-1\" \/>\n<link rel=\"canonical\" href=\"https:\/\/remodelacion-aeropuerto-palma-mallorca.es\/ca\/fites-del-projecte\/nuevo-control-de-passaports-modul-a\/\" \/>\n<meta property=\"og:locale\" content=\"ca_ES\" \/>\n<meta property=\"og:type\" content=\"article\" \/>\n<meta property=\"og:title\" content=\"Nou control de passaports (M\u00f2dul A) - Aena\" \/>\n<meta property=\"og:description\" content=\"Inici Fites del projecte de remodelaci\u00f3 Nou control de passaports (M\u00f2dul A) Abril 2024 Dins de les m\u00faltiples millores destacables previstes en el projecte, una de les primeres a implantar-se ha estat la nova ubicaci\u00f3 del control de passaports de sortides al M\u00f2dul A. Aquesta nova zona, dotada amb tecnologia moderna, est\u00e0 destinada als passatgers [&hellip;]\" \/>\n<meta property=\"og:url\" content=\"https:\/\/remodelacion-aeropuerto-palma-mallorca.es\/ca\/fites-del-projecte\/nuevo-control-de-passaports-modul-a\/\" \/>\n<meta property=\"og:site_name\" content=\"Aena\" \/>\n<meta property=\"article:modified_time\" content=\"2026-01-12T13:45:19+00:00\" \/>\n<meta property=\"og:image\" content=\"https:\/\/remodelacion-aeropuerto-palma-mallorca.es\/wp-content\/uploads\/2024\/12\/image-1.webp\" \/>\n\t<meta property=\"og:image:width\" content=\"1665\" \/>\n\t<meta property=\"og:image:height\" content=\"1002\" \/>\n\t<meta property=\"og:image:type\" content=\"image\/webp\" \/>\n<meta name=\"twitter:card\" content=\"summary_large_image\" \/>\n<meta name=\"twitter:label1\" content=\"Temps estimat de lectura\" \/>\n\t<meta name=\"twitter:data1\" content=\"1 minut\" \/>\n<script type=\"application\/ld+json\" class=\"yoast-schema-graph\">{\"@context\":\"https:\/\/schema.org\",\"@graph\":[{\"@type\":\"WebPage\",\"@id\":\"https:\/\/remodelacion-aeropuerto-palma-mallorca.es\/ca\/fites-del-projecte\/nuevo-control-de-passaports-modul-a\/\",\"url\":\"https:\/\/remodelacion-aeropuerto-palma-mallorca.es\/ca\/fites-del-projecte\/nuevo-control-de-passaports-modul-a\/\",\"name\":\"Nou control de passaports (M\u00f2dul A) - Aena\",\"isPartOf\":{\"@id\":\"https:\/\/remodelacion-aeropuerto-palma-mallorca.es\/ca\/#website\"},\"primaryImageOfPage\":{\"@id\":\"https:\/\/remodelacion-aeropuerto-palma-mallorca.es\/ca\/fites-del-projecte\/nuevo-control-de-passaports-modul-a\/#primaryimage\"},\"image\":{\"@id\":\"https:\/\/remodelacion-aeropuerto-palma-mallorca.es\/ca\/fites-del-projecte\/nuevo-control-de-passaports-modul-a\/#primaryimage\"},\"thumbnailUrl\":\"https:\/\/remodelacion-aeropuerto-palma-mallorca.es\/wp-content\/uploads\/2024\/12\/image-1.webp\",\"datePublished\":\"2025-05-26T09:19:59+00:00\",\"dateModified\":\"2026-01-12T13:45:19+00:00\",\"breadcrumb\":{\"@id\":\"https:\/\/remodelacion-aeropuerto-palma-mallorca.es\/ca\/fites-del-projecte\/nuevo-control-de-passaports-modul-a\/#breadcrumb\"},\"inLanguage\":\"ca\",\"potentialAction\":[{\"@type\":\"ReadAction\",\"target\":[\"https:\/\/remodelacion-aeropuerto-palma-mallorca.es\/ca\/fites-del-projecte\/nuevo-control-de-passaports-modul-a\/\"]}]},{\"@type\":\"ImageObject\",\"inLanguage\":\"ca\",\"@id\":\"https:\/\/remodelacion-aeropuerto-palma-mallorca.es\/ca\/fites-del-projecte\/nuevo-control-de-passaports-modul-a\/#primaryimage\",\"url\":\"https:\/\/remodelacion-aeropuerto-palma-mallorca.es\/wp-content\/uploads\/2024\/12\/image-1.webp\",\"contentUrl\":\"https:\/\/remodelacion-aeropuerto-palma-mallorca.es\/wp-content\/uploads\/2024\/12\/image-1.webp\"},{\"@type\":\"BreadcrumbList\",\"@id\":\"https:\/\/remodelacion-aeropuerto-palma-mallorca.es\/ca\/fites-del-projecte\/nuevo-control-de-passaports-modul-a\/#breadcrumb\",\"itemListElement\":[{\"@type\":\"ListItem\",\"position\":1,\"name\":\"Portada\",\"item\":\"https:\/\/remodelacion-aeropuerto-palma-mallorca.es\/ca\/inici\/\"},{\"@type\":\"ListItem\",\"position\":2,\"name\":\"Fites del projecte de remodelaci\u00f3\",\"item\":\"https:\/\/remodelacion-aeropuerto-palma-mallorca.es\/ca\/fites-del-projecte\/\"},{\"@type\":\"ListItem\",\"position\":3,\"name\":\"Nou control de passaports (M\u00f2dul A)\"}]},{\"@type\":\"WebSite\",\"@id\":\"https:\/\/remodelacion-aeropuerto-palma-mallorca.es\/ca\/#website\",\"url\":\"https:\/\/remodelacion-aeropuerto-palma-mallorca.es\/ca\/\",\"name\":\"Aena\",\"description\":\"\",\"publisher\":{\"@id\":\"https:\/\/remodelacion-aeropuerto-palma-mallorca.es\/ca\/#organization\"},\"potentialAction\":[{\"@type\":\"SearchAction\",\"target\":{\"@type\":\"EntryPoint\",\"urlTemplate\":\"https:\/\/remodelacion-aeropuerto-palma-mallorca.es\/ca\/?s={search_term_string}\"},\"query-input\":{\"@type\":\"PropertyValueSpecification\",\"valueRequired\":true,\"valueName\":\"search_term_string\"}}],\"inLanguage\":\"ca\"},{\"@type\":\"Organization\",\"@id\":\"https:\/\/remodelacion-aeropuerto-palma-mallorca.es\/ca\/#organization\",\"name\":\"Aena\",\"url\":\"https:\/\/remodelacion-aeropuerto-palma-mallorca.es\/ca\/\",\"logo\":{\"@type\":\"ImageObject\",\"inLanguage\":\"ca\",\"@id\":\"https:\/\/remodelacion-aeropuerto-palma-mallorca.es\/ca\/#\/schema\/logo\/image\/\",\"url\":\"https:\/\/remodelacion-aeropuerto-palma-mallorca.es\/wp-content\/uploads\/2024\/11\/Aena_APT_Fondo-Azul_RGB-2.svg\",\"contentUrl\":\"https:\/\/remodelacion-aeropuerto-palma-mallorca.es\/wp-content\/uploads\/2024\/11\/Aena_APT_Fondo-Azul_RGB-2.svg\",\"caption\":\"Aena\"},\"image\":{\"@id\":\"https:\/\/remodelacion-aeropuerto-palma-mallorca.es\/ca\/#\/schema\/logo\/image\/\"}}]}<\/script>\n<!-- \/ Yoast SEO plugin. -->","yoast_head_json":{"title":"Nou control de passaports (M\u00f2dul A) - Aena","robots":{"index":"index","follow":"follow","max-snippet":"max-snippet:-1","max-image-preview":"max-image-preview:large","max-video-preview":"max-video-preview:-1"},"canonical":"https:\/\/remodelacion-aeropuerto-palma-mallorca.es\/ca\/fites-del-projecte\/nuevo-control-de-passaports-modul-a\/","og_locale":"ca_ES","og_type":"article","og_title":"Nou control de passaports (M\u00f2dul A) - Aena","og_description":"Inici Fites del projecte de remodelaci\u00f3 Nou control de passaports (M\u00f2dul A) Abril 2024 Dins de les m\u00faltiples millores destacables previstes en el projecte, una de les primeres a implantar-se ha estat la nova ubicaci\u00f3 del control de passaports de sortides al M\u00f2dul A. Aquesta nova zona, dotada amb tecnologia moderna, est\u00e0 destinada als passatgers [&hellip;]","og_url":"https:\/\/remodelacion-aeropuerto-palma-mallorca.es\/ca\/fites-del-projecte\/nuevo-control-de-passaports-modul-a\/","og_site_name":"Aena","article_modified_time":"2026-01-12T13:45:19+00:00","og_image":[{"width":1665,"height":1002,"url":"https:\/\/remodelacion-aeropuerto-palma-mallorca.es\/wp-content\/uploads\/2024\/12\/image-1.webp","type":"image\/webp"}],"twitter_card":"summary_large_image","twitter_misc":{"Temps estimat de lectura":"1 minut"},"schema":{"@context":"https:\/\/schema.org","@graph":[{"@type":"WebPage","@id":"https:\/\/remodelacion-aeropuerto-palma-mallorca.es\/ca\/fites-del-projecte\/nuevo-control-de-passaports-modul-a\/","url":"https:\/\/remodelacion-aeropuerto-palma-mallorca.es\/ca\/fites-del-projecte\/nuevo-control-de-passaports-modul-a\/","name":"Nou control de passaports (M\u00f2dul A) - Aena","isPartOf":{"@id":"https:\/\/remodelacion-aeropuerto-palma-mallorca.es\/ca\/#website"},"primaryImageOfPage":{"@id":"https:\/\/remodelacion-aeropuerto-palma-mallorca.es\/ca\/fites-del-projecte\/nuevo-control-de-passaports-modul-a\/#primaryimage"},"image":{"@id":"https:\/\/remodelacion-aeropuerto-palma-mallorca.es\/ca\/fites-del-projecte\/nuevo-control-de-passaports-modul-a\/#primaryimage"},"thumbnailUrl":"https:\/\/remodelacion-aeropuerto-palma-mallorca.es\/wp-content\/uploads\/2024\/12\/image-1.webp","datePublished":"2025-05-26T09:19:59+00:00","dateModified":"2026-01-12T13:45:19+00:00","breadcrumb":{"@id":"https:\/\/remodelacion-aeropuerto-palma-mallorca.es\/ca\/fites-del-projecte\/nuevo-control-de-passaports-modul-a\/#breadcrumb"},"inLanguage":"ca","potentialAction":[{"@type":"ReadAction","target":["https:\/\/remodelacion-aeropuerto-palma-mallorca.es\/ca\/fites-del-projecte\/nuevo-control-de-passaports-modul-a\/"]}]},{"@type":"ImageObject","inLanguage":"ca","@id":"https:\/\/remodelacion-aeropuerto-palma-mallorca.es\/ca\/fites-del-projecte\/nuevo-control-de-passaports-modul-a\/#primaryimage","url":"https:\/\/remodelacion-aeropuerto-palma-mallorca.es\/wp-content\/uploads\/2024\/12\/image-1.webp","contentUrl":"https:\/\/remodelacion-aeropuerto-palma-mallorca.es\/wp-content\/uploads\/2024\/12\/image-1.webp"},{"@type":"BreadcrumbList","@id":"https:\/\/remodelacion-aeropuerto-palma-mallorca.es\/ca\/fites-del-projecte\/nuevo-control-de-passaports-modul-a\/#breadcrumb","itemListElement":[{"@type":"ListItem","position":1,"name":"Portada","item":"https:\/\/remodelacion-aeropuerto-palma-mallorca.es\/ca\/inici\/"},{"@type":"ListItem","position":2,"name":"Fites del projecte de remodelaci\u00f3","item":"https:\/\/remodelacion-aeropuerto-palma-mallorca.es\/ca\/fites-del-projecte\/"},{"@type":"ListItem","position":3,"name":"Nou control de passaports (M\u00f2dul A)"}]},{"@type":"WebSite","@id":"https:\/\/remodelacion-aeropuerto-palma-mallorca.es\/ca\/#website","url":"https:\/\/remodelacion-aeropuerto-palma-mallorca.es\/ca\/","name":"Aena","description":"","publisher":{"@id":"https:\/\/remodelacion-aeropuerto-palma-mallorca.es\/ca\/#organization"},"potentialAction":[{"@type":"SearchAction","target":{"@type":"EntryPoint","urlTemplate":"https:\/\/remodelacion-aeropuerto-palma-mallorca.es\/ca\/?s={search_term_string}"},"query-input":{"@type":"PropertyValueSpecification","valueRequired":true,"valueName":"search_term_string"}}],"inLanguage":"ca"},{"@type":"Organization","@id":"https:\/\/remodelacion-aeropuerto-palma-mallorca.es\/ca\/#organization","name":"Aena","url":"https:\/\/remodelacion-aeropuerto-palma-mallorca.es\/ca\/","logo":{"@type":"ImageObject","inLanguage":"ca","@id":"https:\/\/remodelacion-aeropuerto-palma-mallorca.es\/ca\/#\/schema\/logo\/image\/","url":"https:\/\/remodelacion-aeropuerto-palma-mallorca.es\/wp-content\/uploads\/2024\/11\/Aena_APT_Fondo-Azul_RGB-2.svg","contentUrl":"https:\/\/remodelacion-aeropuerto-palma-mallorca.es\/wp-content\/uploads\/2024\/11\/Aena_APT_Fondo-Azul_RGB-2.svg","caption":"Aena"},"image":{"@id":"https:\/\/remodelacion-aeropuerto-palma-mallorca.es\/ca\/#\/schema\/logo\/image\/"}}]}},"_links":{"self":[{"href":"https:\/\/remodelacion-aeropuerto-palma-mallorca.es\/ca\/wp-json\/wp\/v2\/pages\/2909","targetHints":{"allow":["GET"]}}],"collection":[{"href":"https:\/\/remodelacion-aeropuerto-palma-mallorca.es\/ca\/wp-json\/wp\/v2\/pages"}],"about":[{"href":"https:\/\/remodelacion-aeropuerto-palma-mallorca.es\/ca\/wp-json\/wp\/v2\/types\/page"}],"author":[{"embeddable":true,"href":"https:\/\/remodelacion-aeropuerto-palma-mallorca.es\/ca\/wp-json\/wp\/v2\/users\/1"}],"replies":[{"embeddable":true,"href":"https:\/\/remodelacion-aeropuerto-palma-mallorca.es\/ca\/wp-json\/wp\/v2\/comments?post=2909"}],"version-history":[{"count":15,"href":"https:\/\/remodelacion-aeropuerto-palma-mallorca.es\/ca\/wp-json\/wp\/v2\/pages\/2909\/revisions"}],"predecessor-version":[{"id":4612,"href":"https:\/\/remodelacion-aeropuerto-palma-mallorca.es\/ca\/wp-json\/wp\/v2\/pages\/2909\/revisions\/4612"}],"up":[{"embeddable":true,"href":"https:\/\/remodelacion-aeropuerto-palma-mallorca.es\/ca\/wp-json\/wp\/v2\/pages\/2299"}],"wp:attachment":[{"href":"https:\/\/remodelacion-aeropuerto-palma-mallorca.es\/ca\/wp-json\/wp\/v2\/media?parent=2909"}],"curies":[{"name":"wp","href":"https:\/\/api.w.org\/{rel}","templated":true}]}}