{"id":2913,"date":"2025-05-26T11:10:37","date_gmt":"2025-05-26T09:10:37","guid":{"rendered":"https:\/\/aenadisset.rwdesarrollos.es\/fites-del-projecte\/nous-controls-de-seguretat\/"},"modified":"2025-11-27T13:14:52","modified_gmt":"2025-11-27T12:14:52","slug":"nous-controls-de-seguretat","status":"publish","type":"page","link":"https:\/\/remodelacion-aeropuerto-palma-mallorca.es\/ca\/fites-del-projecte\/nous-controls-de-seguretat\/","title":{"rendered":"Nous controls de seguretat"},"content":{"rendered":"\t\t<div data-elementor-type=\"wp-page\" data-elementor-id=\"2913\" class=\"elementor elementor-2913 elementor-2843\" data-elementor-post-type=\"page\">\n\t\t\t\t<div class=\"elementor-element elementor-element-4e2faa6 e-flex e-con-boxed e-con e-parent\" data-id=\"4e2faa6\" data-element_type=\"container\">\n\t\t\t\t\t<div class=\"e-con-inner\">\n\t\t\t\t<div class=\"elementor-element elementor-element-8f90deb underline elementor-widget elementor-widget-button\" data-id=\"8f90deb\" data-element_type=\"widget\" data-widget_type=\"button.default\">\n\t\t\t\t<div class=\"elementor-widget-container\">\n\t\t\t\t\t\t\t\t\t<div class=\"elementor-button-wrapper\">\n\t\t\t\t\t<a class=\"elementor-button elementor-button-link elementor-size-sm\" href=\"https:\/\/remodelacion-aeropuerto-palma-mallorca.es\/ca\/\">\n\t\t\t\t\t\t<span class=\"elementor-button-content-wrapper\">\n\t\t\t\t\t\t<span class=\"elementor-button-icon\">\n\t\t\t\t<svg aria-hidden=\"true\" class=\"e-font-icon-svg e-fas-chevron-right\" viewBox=\"0 0 320 512\" xmlns=\"http:\/\/www.w3.org\/2000\/svg\"><path d=\"M285.476 272.971L91.132 467.314c-9.373 9.373-24.569 9.373-33.941 0l-22.667-22.667c-9.357-9.357-9.375-24.522-.04-33.901L188.505 256 34.484 101.255c-9.335-9.379-9.317-24.544.04-33.901l22.667-22.667c9.373-9.373 24.569-9.373 33.941 0L285.475 239.03c9.373 9.372 9.373 24.568.001 33.941z\"><\/path><\/svg>\t\t\t<\/span>\n\t\t\t\t\t\t\t\t\t<span class=\"elementor-button-text\">Inicio<\/span>\n\t\t\t\t\t<\/span>\n\t\t\t\t\t<\/a>\n\t\t\t\t<\/div>\n\t\t\t\t\t\t\t\t<\/div>\n\t\t\t\t<\/div>\n\t\t\t\t<div class=\"elementor-element elementor-element-5f81973 underline elementor-widget elementor-widget-button\" data-id=\"5f81973\" data-element_type=\"widget\" data-widget_type=\"button.default\">\n\t\t\t\t<div class=\"elementor-widget-container\">\n\t\t\t\t\t\t\t\t\t<div class=\"elementor-button-wrapper\">\n\t\t\t\t\t<a class=\"elementor-button elementor-button-link elementor-size-sm\" href=\"https:\/\/remodelacion-aeropuerto-palma-mallorca.es\/ca\/fites-del-projecte\/\">\n\t\t\t\t\t\t<span class=\"elementor-button-content-wrapper\">\n\t\t\t\t\t\t<span class=\"elementor-button-icon\">\n\t\t\t\t<svg aria-hidden=\"true\" class=\"e-font-icon-svg e-fas-chevron-right\" viewBox=\"0 0 320 512\" xmlns=\"http:\/\/www.w3.org\/2000\/svg\"><path d=\"M285.476 272.971L91.132 467.314c-9.373 9.373-24.569 9.373-33.941 0l-22.667-22.667c-9.357-9.357-9.375-24.522-.04-33.901L188.505 256 34.484 101.255c-9.335-9.379-9.317-24.544.04-33.901l22.667-22.667c9.373-9.373 24.569-9.373 33.941 0L285.475 239.03c9.373 9.372 9.373 24.568.001 33.941z\"><\/path><\/svg>\t\t\t<\/span>\n\t\t\t\t\t\t\t\t\t<span class=\"elementor-button-text\">Hitos del proyecto de remodelaci\u00f3n<\/span>\n\t\t\t\t\t<\/span>\n\t\t\t\t\t<\/a>\n\t\t\t\t<\/div>\n\t\t\t\t\t\t\t\t<\/div>\n\t\t\t\t<\/div>\n\t\t\t\t<div class=\"elementor-element elementor-element-03e37ba elementor-widget elementor-widget-heading\" data-id=\"03e37ba\" data-element_type=\"widget\" data-widget_type=\"heading.default\">\n\t\t\t\t<div class=\"elementor-widget-container\">\n\t\t\t\t\t<span class=\"elementor-heading-title elementor-size-default\">Nous controls de seguretat<\/span>\t\t\t\t<\/div>\n\t\t\t\t<\/div>\n\t\t\t\t\t<\/div>\n\t\t\t\t<\/div>\n\t\t<div class=\"elementor-element elementor-element-2018aa7 js-section e-flex e-con-boxed e-con e-parent\" data-id=\"2018aa7\" data-element_type=\"container\">\n\t\t\t\t\t<div class=\"e-con-inner\">\n\t\t<div class=\"elementor-element elementor-element-9270129 e-con-full e-flex e-con e-child\" data-id=\"9270129\" data-element_type=\"container\">\n\t\t\t\t<div class=\"elementor-element elementor-element-4ad93bf elementor-widget elementor-widget-heading\" data-id=\"4ad93bf\" data-element_type=\"widget\" data-widget_type=\"heading.default\">\n\t\t\t\t<div class=\"elementor-widget-container\">\n\t\t\t\t\t<h2 class=\"elementor-heading-title elementor-size-default\">Nous controls de seguretat<\/h2>\t\t\t\t<\/div>\n\t\t\t\t<\/div>\n\t\t\t\t<div class=\"elementor-element elementor-element-0f834fa elementor-widget-divider--view-line elementor-widget elementor-widget-divider\" data-id=\"0f834fa\" data-element_type=\"widget\" data-widget_type=\"divider.default\">\n\t\t\t\t<div class=\"elementor-widget-container\">\n\t\t\t\t\t\t\t<div class=\"elementor-divider\">\n\t\t\t<span class=\"elementor-divider-separator\">\n\t\t\t\t\t\t<\/span>\n\t\t<\/div>\n\t\t\t\t\t\t<\/div>\n\t\t\t\t<\/div>\n\t\t\t\t<div class=\"elementor-element elementor-element-be8793f elementor-widget elementor-widget-heading\" data-id=\"be8793f\" data-element_type=\"widget\" data-widget_type=\"heading.default\">\n\t\t\t\t<div class=\"elementor-widget-container\">\n\t\t\t\t\t<h3 class=\"elementor-heading-title elementor-size-default\">Novembre 2024<\/h3>\t\t\t\t<\/div>\n\t\t\t\t<\/div>\n\t\t\t\t<\/div>\n\t\t<div class=\"elementor-element elementor-element-b5fe440 e-con-full e-flex e-con e-child\" data-id=\"b5fe440\" data-element_type=\"container\">\n\t\t\t\t<div class=\"elementor-element elementor-element-7ac044e elementor-widget elementor-widget-text-editor\" data-id=\"7ac044e\" data-element_type=\"widget\" data-widget_type=\"text-editor.default\">\n\t\t\t\t<div class=\"elementor-widget-container\">\n\t\t\t\t\t\t\t\t\t<p>Amb aquest projecte, el canvi d&#8217;ubicaci\u00f3 dels controls de seguretat comporta tamb\u00e9 una renovaci\u00f3 de tot el seu equipament. El nou empla\u00e7ament es troba en la mateixa planta de facturaci\u00f3, despr\u00e9s dels taulells, la qual cosa permet que el passatger realitzi un recorregut m\u00e9s l\u00f2gic i natural. <\/p><p>L&#8217;equipament que s&#8217;ha instal\u00b7lat en aquesta nova zona \u00e9s d&#8217;\u00faltima generaci\u00f3, ja que compta amb m\u00e0quines d&#8217;inspecci\u00f3 Explosive Detection Systems for Cabin Baggage, que permet no treure dispositius electr\u00f2nics, ni l\u00edquids (els l\u00edquids permesos en l&#8217;equipatge de m\u00e0 no poden excedir dels 100ml). Tamb\u00e9 compta amb m\u00e0quines Automated Tray Return Systems, que permeten que les safates que transporten l&#8217;equipatge de m\u00e0 per a passar pel control de seguretat siguin retornades autom\u00e0ticament a la zona d&#8217;inici, la qual cosa agilitza el proc\u00e9s i redueix el temps d&#8217;espera. <\/p><p>Aquesta nova zona comptar\u00e0 amb 19 arcs i 38 l\u00ednies d\u2019inspecci\u00f3 de passatgers, que es posaran en servei de manera gradual. D\u2019aquesta manera, s\u2019aconseguir\u00e0 un espai di\u00e0fan de grans dimensions, cosa que el convertir\u00e0 en el control de seguretat m\u00e9s gran d\u2019Espanya. <\/p>\t\t\t\t\t\t\t\t<\/div>\n\t\t\t\t<\/div>\n\t\t\t\t<\/div>\n\t\t<div class=\"elementor-element elementor-element-e2f3e5e e-con-full e-flex e-con e-child\" data-id=\"e2f3e5e\" data-element_type=\"container\">\n\t\t<div class=\"elementor-element elementor-element-7aa31be e-con-full e-flex e-con e-child\" data-id=\"7aa31be\" data-element_type=\"container\">\n\t\t\t\t<div class=\"elementor-element elementor-element-6371cff elementor-widget elementor-widget-image\" data-id=\"6371cff\" data-element_type=\"widget\" data-widget_type=\"image.default\">\n\t\t\t\t<div class=\"elementor-widget-container\">\n\t\t\t\t\t\t\t\t\t\t\t\t\t\t\t<img fetchpriority=\"high\" decoding=\"async\" width=\"2560\" height=\"1707\" src=\"https:\/\/remodelacion-aeropuerto-palma-mallorca.es\/wp-content\/uploads\/2024\/12\/image-3-scaled.webp\" class=\"attachment-full size-full wp-image-1740\" alt=\"\" srcset=\"https:\/\/remodelacion-aeropuerto-palma-mallorca.es\/wp-content\/uploads\/2024\/12\/image-3-scaled.webp 2560w, https:\/\/remodelacion-aeropuerto-palma-mallorca.es\/wp-content\/uploads\/2024\/12\/image-3-300x200.webp 300w, https:\/\/remodelacion-aeropuerto-palma-mallorca.es\/wp-content\/uploads\/2024\/12\/image-3-1024x683.webp 1024w, https:\/\/remodelacion-aeropuerto-palma-mallorca.es\/wp-content\/uploads\/2024\/12\/image-3-768x512.webp 768w, https:\/\/remodelacion-aeropuerto-palma-mallorca.es\/wp-content\/uploads\/2024\/12\/image-3-1536x1024.webp 1536w, https:\/\/remodelacion-aeropuerto-palma-mallorca.es\/wp-content\/uploads\/2024\/12\/image-3-2048x1366.webp 2048w\" sizes=\"(max-width: 2560px) 100vw, 2560px\" \/>\t\t\t\t\t\t\t\t\t\t\t\t\t\t\t<\/div>\n\t\t\t\t<\/div>\n\t\t\t\t<div class=\"elementor-element elementor-element-98bfbd0 elementor-widget elementor-widget-heading\" data-id=\"98bfbd0\" data-element_type=\"widget\" data-widget_type=\"heading.default\">\n\t\t\t\t<div class=\"elementor-widget-container\">\n\t\t\t\t\t<h2 class=\"elementor-heading-title elementor-size-default\">Nou equipamient ATRS<\/h2>\t\t\t\t<\/div>\n\t\t\t\t<\/div>\n\t\t\t\t<\/div>\n\t\t<div class=\"elementor-element elementor-element-114eedd e-con-full e-flex e-con e-child\" data-id=\"114eedd\" data-element_type=\"container\">\n\t\t\t\t<div class=\"elementor-element elementor-element-a76bc45 elementor-widget elementor-widget-image\" data-id=\"a76bc45\" data-element_type=\"widget\" data-widget_type=\"image.default\">\n\t\t\t\t<div class=\"elementor-widget-container\">\n\t\t\t\t\t\t\t\t\t\t\t\t\t\t\t<img decoding=\"async\" width=\"2048\" height=\"1366\" src=\"https:\/\/remodelacion-aeropuerto-palma-mallorca.es\/wp-content\/uploads\/2024\/12\/image-4.webp\" class=\"attachment-full size-full wp-image-1743\" alt=\"\" srcset=\"https:\/\/remodelacion-aeropuerto-palma-mallorca.es\/wp-content\/uploads\/2024\/12\/image-4.webp 2048w, https:\/\/remodelacion-aeropuerto-palma-mallorca.es\/wp-content\/uploads\/2024\/12\/image-4-300x200.webp 300w, https:\/\/remodelacion-aeropuerto-palma-mallorca.es\/wp-content\/uploads\/2024\/12\/image-4-1024x683.webp 1024w, https:\/\/remodelacion-aeropuerto-palma-mallorca.es\/wp-content\/uploads\/2024\/12\/image-4-768x512.webp 768w, https:\/\/remodelacion-aeropuerto-palma-mallorca.es\/wp-content\/uploads\/2024\/12\/image-4-1536x1025.webp 1536w\" sizes=\"(max-width: 2048px) 100vw, 2048px\" \/>\t\t\t\t\t\t\t\t\t\t\t\t\t\t\t<\/div>\n\t\t\t\t<\/div>\n\t\t\t\t<div class=\"elementor-element elementor-element-8be7147 elementor-widget elementor-widget-heading\" data-id=\"8be7147\" data-element_type=\"widget\" data-widget_type=\"heading.default\">\n\t\t\t\t<div class=\"elementor-widget-container\">\n\t\t\t\t\t<h2 class=\"elementor-heading-title elementor-size-default\">Tecnologia EDS CB<\/h2>\t\t\t\t<\/div>\n\t\t\t\t<\/div>\n\t\t\t\t<\/div>\n\t\t\t\t<\/div>\n\t\t<div class=\"elementor-element elementor-element-502242f e-con-full e-flex e-con e-child\" data-id=\"502242f\" data-element_type=\"container\">\n\t\t<div class=\"elementor-element elementor-element-fe398c4 e-con-full e-flex e-con e-child\" data-id=\"fe398c4\" data-element_type=\"container\">\n\t\t\t\t<div class=\"elementor-element elementor-element-746e7bb elementor-widget elementor-widget-spacer\" data-id=\"746e7bb\" data-element_type=\"widget\" data-widget_type=\"spacer.default\">\n\t\t\t\t<div class=\"elementor-widget-container\">\n\t\t\t\t\t\t\t<div class=\"elementor-spacer\">\n\t\t\t<div class=\"elementor-spacer-inner\"><\/div>\n\t\t<\/div>\n\t\t\t\t\t\t<\/div>\n\t\t\t\t<\/div>\n\t\t\t\t<\/div>\n\t\t\t\t<\/div>\n\t\t\t\t\t<\/div>\n\t\t\t\t<\/div>\n\t\t\t\t<\/div>\n\t\t","protected":false},"excerpt":{"rendered":"<p>Inicio Hitos del proyecto de remodelaci\u00f3n Nous controls de seguretat Novembre 2024 Amb aquest projecte, el canvi d&#8217;ubicaci\u00f3 dels controls de seguretat comporta tamb\u00e9 una renovaci\u00f3 de tot el seu equipament. El nou empla\u00e7ament es troba en la mateixa planta de facturaci\u00f3, despr\u00e9s dels taulells, la qual cosa permet que el passatger realitzi un recorregut [&hellip;]<\/p>\n","protected":false},"author":1,"featured_media":0,"parent":2299,"menu_order":0,"comment_status":"closed","ping_status":"closed","template":"","meta":{"_acf_changed":false,"footnotes":""},"class_list":["post-2913","page","type-page","status-publish","hentry"],"acf":[],"yoast_head":"<!-- This site is optimized with the Yoast SEO plugin v26.7 - https:\/\/yoast.com\/wordpress\/plugins\/seo\/ -->\n<title>Nous controls de seguretat - Aena<\/title>\n<meta name=\"robots\" content=\"index, follow, max-snippet:-1, max-image-preview:large, max-video-preview:-1\" \/>\n<link rel=\"canonical\" href=\"https:\/\/remodelacion-aeropuerto-palma-mallorca.es\/ca\/fites-del-projecte\/nous-controls-de-seguretat\/\" \/>\n<meta property=\"og:locale\" content=\"ca_ES\" \/>\n<meta property=\"og:type\" content=\"article\" \/>\n<meta property=\"og:title\" content=\"Nous controls de seguretat - Aena\" \/>\n<meta property=\"og:description\" content=\"Inicio Hitos del proyecto de remodelaci\u00f3n Nous controls de seguretat Novembre 2024 Amb aquest projecte, el canvi d&#8217;ubicaci\u00f3 dels controls de seguretat comporta tamb\u00e9 una renovaci\u00f3 de tot el seu equipament. El nou empla\u00e7ament es troba en la mateixa planta de facturaci\u00f3, despr\u00e9s dels taulells, la qual cosa permet que el passatger realitzi un recorregut [&hellip;]\" \/>\n<meta property=\"og:url\" content=\"https:\/\/remodelacion-aeropuerto-palma-mallorca.es\/ca\/fites-del-projecte\/nous-controls-de-seguretat\/\" \/>\n<meta property=\"og:site_name\" content=\"Aena\" \/>\n<meta property=\"article:modified_time\" content=\"2025-11-27T12:14:52+00:00\" \/>\n<meta property=\"og:image\" content=\"https:\/\/remodelacion-aeropuerto-palma-mallorca.es\/wp-content\/uploads\/2024\/12\/image-3-scaled.webp\" \/>\n\t<meta property=\"og:image:width\" content=\"2560\" \/>\n\t<meta property=\"og:image:height\" content=\"1707\" \/>\n\t<meta property=\"og:image:type\" content=\"image\/webp\" \/>\n<meta name=\"twitter:card\" content=\"summary_large_image\" \/>\n<meta name=\"twitter:label1\" content=\"Temps estimat de lectura\" \/>\n\t<meta name=\"twitter:data1\" content=\"2 minuts\" \/>\n<script type=\"application\/ld+json\" class=\"yoast-schema-graph\">{\"@context\":\"https:\/\/schema.org\",\"@graph\":[{\"@type\":\"WebPage\",\"@id\":\"https:\/\/remodelacion-aeropuerto-palma-mallorca.es\/ca\/fites-del-projecte\/nous-controls-de-seguretat\/\",\"url\":\"https:\/\/remodelacion-aeropuerto-palma-mallorca.es\/ca\/fites-del-projecte\/nous-controls-de-seguretat\/\",\"name\":\"Nous controls de seguretat - Aena\",\"isPartOf\":{\"@id\":\"https:\/\/remodelacion-aeropuerto-palma-mallorca.es\/ca\/#website\"},\"primaryImageOfPage\":{\"@id\":\"https:\/\/remodelacion-aeropuerto-palma-mallorca.es\/ca\/fites-del-projecte\/nous-controls-de-seguretat\/#primaryimage\"},\"image\":{\"@id\":\"https:\/\/remodelacion-aeropuerto-palma-mallorca.es\/ca\/fites-del-projecte\/nous-controls-de-seguretat\/#primaryimage\"},\"thumbnailUrl\":\"https:\/\/remodelacion-aeropuerto-palma-mallorca.es\/wp-content\/uploads\/2024\/12\/image-3-scaled.webp\",\"datePublished\":\"2025-05-26T09:10:37+00:00\",\"dateModified\":\"2025-11-27T12:14:52+00:00\",\"breadcrumb\":{\"@id\":\"https:\/\/remodelacion-aeropuerto-palma-mallorca.es\/ca\/fites-del-projecte\/nous-controls-de-seguretat\/#breadcrumb\"},\"inLanguage\":\"ca\",\"potentialAction\":[{\"@type\":\"ReadAction\",\"target\":[\"https:\/\/remodelacion-aeropuerto-palma-mallorca.es\/ca\/fites-del-projecte\/nous-controls-de-seguretat\/\"]}]},{\"@type\":\"ImageObject\",\"inLanguage\":\"ca\",\"@id\":\"https:\/\/remodelacion-aeropuerto-palma-mallorca.es\/ca\/fites-del-projecte\/nous-controls-de-seguretat\/#primaryimage\",\"url\":\"https:\/\/remodelacion-aeropuerto-palma-mallorca.es\/wp-content\/uploads\/2024\/12\/image-3-scaled.webp\",\"contentUrl\":\"https:\/\/remodelacion-aeropuerto-palma-mallorca.es\/wp-content\/uploads\/2024\/12\/image-3-scaled.webp\"},{\"@type\":\"BreadcrumbList\",\"@id\":\"https:\/\/remodelacion-aeropuerto-palma-mallorca.es\/ca\/fites-del-projecte\/nous-controls-de-seguretat\/#breadcrumb\",\"itemListElement\":[{\"@type\":\"ListItem\",\"position\":1,\"name\":\"Portada\",\"item\":\"https:\/\/remodelacion-aeropuerto-palma-mallorca.es\/ca\/inici\/\"},{\"@type\":\"ListItem\",\"position\":2,\"name\":\"Fites del projecte de remodelaci\u00f3\",\"item\":\"https:\/\/remodelacion-aeropuerto-palma-mallorca.es\/ca\/fites-del-projecte\/\"},{\"@type\":\"ListItem\",\"position\":3,\"name\":\"Nous controls de seguretat\"}]},{\"@type\":\"WebSite\",\"@id\":\"https:\/\/remodelacion-aeropuerto-palma-mallorca.es\/ca\/#website\",\"url\":\"https:\/\/remodelacion-aeropuerto-palma-mallorca.es\/ca\/\",\"name\":\"Aena\",\"description\":\"\",\"publisher\":{\"@id\":\"https:\/\/remodelacion-aeropuerto-palma-mallorca.es\/ca\/#organization\"},\"potentialAction\":[{\"@type\":\"SearchAction\",\"target\":{\"@type\":\"EntryPoint\",\"urlTemplate\":\"https:\/\/remodelacion-aeropuerto-palma-mallorca.es\/ca\/?s={search_term_string}\"},\"query-input\":{\"@type\":\"PropertyValueSpecification\",\"valueRequired\":true,\"valueName\":\"search_term_string\"}}],\"inLanguage\":\"ca\"},{\"@type\":\"Organization\",\"@id\":\"https:\/\/remodelacion-aeropuerto-palma-mallorca.es\/ca\/#organization\",\"name\":\"Aena\",\"url\":\"https:\/\/remodelacion-aeropuerto-palma-mallorca.es\/ca\/\",\"logo\":{\"@type\":\"ImageObject\",\"inLanguage\":\"ca\",\"@id\":\"https:\/\/remodelacion-aeropuerto-palma-mallorca.es\/ca\/#\/schema\/logo\/image\/\",\"url\":\"https:\/\/remodelacion-aeropuerto-palma-mallorca.es\/wp-content\/uploads\/2024\/11\/Aena_APT_Fondo-Azul_RGB-2.svg\",\"contentUrl\":\"https:\/\/remodelacion-aeropuerto-palma-mallorca.es\/wp-content\/uploads\/2024\/11\/Aena_APT_Fondo-Azul_RGB-2.svg\",\"caption\":\"Aena\"},\"image\":{\"@id\":\"https:\/\/remodelacion-aeropuerto-palma-mallorca.es\/ca\/#\/schema\/logo\/image\/\"}}]}<\/script>\n<!-- \/ Yoast SEO plugin. -->","yoast_head_json":{"title":"Nous controls de seguretat - Aena","robots":{"index":"index","follow":"follow","max-snippet":"max-snippet:-1","max-image-preview":"max-image-preview:large","max-video-preview":"max-video-preview:-1"},"canonical":"https:\/\/remodelacion-aeropuerto-palma-mallorca.es\/ca\/fites-del-projecte\/nous-controls-de-seguretat\/","og_locale":"ca_ES","og_type":"article","og_title":"Nous controls de seguretat - Aena","og_description":"Inicio Hitos del proyecto de remodelaci\u00f3n Nous controls de seguretat Novembre 2024 Amb aquest projecte, el canvi d&#8217;ubicaci\u00f3 dels controls de seguretat comporta tamb\u00e9 una renovaci\u00f3 de tot el seu equipament. El nou empla\u00e7ament es troba en la mateixa planta de facturaci\u00f3, despr\u00e9s dels taulells, la qual cosa permet que el passatger realitzi un recorregut [&hellip;]","og_url":"https:\/\/remodelacion-aeropuerto-palma-mallorca.es\/ca\/fites-del-projecte\/nous-controls-de-seguretat\/","og_site_name":"Aena","article_modified_time":"2025-11-27T12:14:52+00:00","og_image":[{"width":2560,"height":1707,"url":"https:\/\/remodelacion-aeropuerto-palma-mallorca.es\/wp-content\/uploads\/2024\/12\/image-3-scaled.webp","type":"image\/webp"}],"twitter_card":"summary_large_image","twitter_misc":{"Temps estimat de lectura":"2 minuts"},"schema":{"@context":"https:\/\/schema.org","@graph":[{"@type":"WebPage","@id":"https:\/\/remodelacion-aeropuerto-palma-mallorca.es\/ca\/fites-del-projecte\/nous-controls-de-seguretat\/","url":"https:\/\/remodelacion-aeropuerto-palma-mallorca.es\/ca\/fites-del-projecte\/nous-controls-de-seguretat\/","name":"Nous controls de seguretat - Aena","isPartOf":{"@id":"https:\/\/remodelacion-aeropuerto-palma-mallorca.es\/ca\/#website"},"primaryImageOfPage":{"@id":"https:\/\/remodelacion-aeropuerto-palma-mallorca.es\/ca\/fites-del-projecte\/nous-controls-de-seguretat\/#primaryimage"},"image":{"@id":"https:\/\/remodelacion-aeropuerto-palma-mallorca.es\/ca\/fites-del-projecte\/nous-controls-de-seguretat\/#primaryimage"},"thumbnailUrl":"https:\/\/remodelacion-aeropuerto-palma-mallorca.es\/wp-content\/uploads\/2024\/12\/image-3-scaled.webp","datePublished":"2025-05-26T09:10:37+00:00","dateModified":"2025-11-27T12:14:52+00:00","breadcrumb":{"@id":"https:\/\/remodelacion-aeropuerto-palma-mallorca.es\/ca\/fites-del-projecte\/nous-controls-de-seguretat\/#breadcrumb"},"inLanguage":"ca","potentialAction":[{"@type":"ReadAction","target":["https:\/\/remodelacion-aeropuerto-palma-mallorca.es\/ca\/fites-del-projecte\/nous-controls-de-seguretat\/"]}]},{"@type":"ImageObject","inLanguage":"ca","@id":"https:\/\/remodelacion-aeropuerto-palma-mallorca.es\/ca\/fites-del-projecte\/nous-controls-de-seguretat\/#primaryimage","url":"https:\/\/remodelacion-aeropuerto-palma-mallorca.es\/wp-content\/uploads\/2024\/12\/image-3-scaled.webp","contentUrl":"https:\/\/remodelacion-aeropuerto-palma-mallorca.es\/wp-content\/uploads\/2024\/12\/image-3-scaled.webp"},{"@type":"BreadcrumbList","@id":"https:\/\/remodelacion-aeropuerto-palma-mallorca.es\/ca\/fites-del-projecte\/nous-controls-de-seguretat\/#breadcrumb","itemListElement":[{"@type":"ListItem","position":1,"name":"Portada","item":"https:\/\/remodelacion-aeropuerto-palma-mallorca.es\/ca\/inici\/"},{"@type":"ListItem","position":2,"name":"Fites del projecte de remodelaci\u00f3","item":"https:\/\/remodelacion-aeropuerto-palma-mallorca.es\/ca\/fites-del-projecte\/"},{"@type":"ListItem","position":3,"name":"Nous controls de seguretat"}]},{"@type":"WebSite","@id":"https:\/\/remodelacion-aeropuerto-palma-mallorca.es\/ca\/#website","url":"https:\/\/remodelacion-aeropuerto-palma-mallorca.es\/ca\/","name":"Aena","description":"","publisher":{"@id":"https:\/\/remodelacion-aeropuerto-palma-mallorca.es\/ca\/#organization"},"potentialAction":[{"@type":"SearchAction","target":{"@type":"EntryPoint","urlTemplate":"https:\/\/remodelacion-aeropuerto-palma-mallorca.es\/ca\/?s={search_term_string}"},"query-input":{"@type":"PropertyValueSpecification","valueRequired":true,"valueName":"search_term_string"}}],"inLanguage":"ca"},{"@type":"Organization","@id":"https:\/\/remodelacion-aeropuerto-palma-mallorca.es\/ca\/#organization","name":"Aena","url":"https:\/\/remodelacion-aeropuerto-palma-mallorca.es\/ca\/","logo":{"@type":"ImageObject","inLanguage":"ca","@id":"https:\/\/remodelacion-aeropuerto-palma-mallorca.es\/ca\/#\/schema\/logo\/image\/","url":"https:\/\/remodelacion-aeropuerto-palma-mallorca.es\/wp-content\/uploads\/2024\/11\/Aena_APT_Fondo-Azul_RGB-2.svg","contentUrl":"https:\/\/remodelacion-aeropuerto-palma-mallorca.es\/wp-content\/uploads\/2024\/11\/Aena_APT_Fondo-Azul_RGB-2.svg","caption":"Aena"},"image":{"@id":"https:\/\/remodelacion-aeropuerto-palma-mallorca.es\/ca\/#\/schema\/logo\/image\/"}}]}},"_links":{"self":[{"href":"https:\/\/remodelacion-aeropuerto-palma-mallorca.es\/ca\/wp-json\/wp\/v2\/pages\/2913","targetHints":{"allow":["GET"]}}],"collection":[{"href":"https:\/\/remodelacion-aeropuerto-palma-mallorca.es\/ca\/wp-json\/wp\/v2\/pages"}],"about":[{"href":"https:\/\/remodelacion-aeropuerto-palma-mallorca.es\/ca\/wp-json\/wp\/v2\/types\/page"}],"author":[{"embeddable":true,"href":"https:\/\/remodelacion-aeropuerto-palma-mallorca.es\/ca\/wp-json\/wp\/v2\/users\/1"}],"replies":[{"embeddable":true,"href":"https:\/\/remodelacion-aeropuerto-palma-mallorca.es\/ca\/wp-json\/wp\/v2\/comments?post=2913"}],"version-history":[{"count":14,"href":"https:\/\/remodelacion-aeropuerto-palma-mallorca.es\/ca\/wp-json\/wp\/v2\/pages\/2913\/revisions"}],"predecessor-version":[{"id":4464,"href":"https:\/\/remodelacion-aeropuerto-palma-mallorca.es\/ca\/wp-json\/wp\/v2\/pages\/2913\/revisions\/4464"}],"up":[{"embeddable":true,"href":"https:\/\/remodelacion-aeropuerto-palma-mallorca.es\/ca\/wp-json\/wp\/v2\/pages\/2299"}],"wp:attachment":[{"href":"https:\/\/remodelacion-aeropuerto-palma-mallorca.es\/ca\/wp-json\/wp\/v2\/media?parent=2913"}],"curies":[{"name":"wp","href":"https:\/\/api.w.org\/{rel}","templated":true}]}}