{"id":2915,"date":"2025-05-26T11:11:37","date_gmt":"2025-05-26T09:11:37","guid":{"rendered":"https:\/\/aenadisset.rwdesarrollos.es\/fites-del-projecte\/remodelacio-modul-a\/"},"modified":"2025-11-27T13:15:09","modified_gmt":"2025-11-27T12:15:09","slug":"remodelacio-modul-a","status":"publish","type":"page","link":"https:\/\/remodelacion-aeropuerto-palma-mallorca.es\/ca\/fites-del-projecte\/remodelacio-modul-a\/","title":{"rendered":"Remodelaci\u00f3 M\u00f2dul A"},"content":{"rendered":"\t\t<div data-elementor-type=\"wp-page\" data-elementor-id=\"2915\" class=\"elementor elementor-2915 elementor-2845\" data-elementor-post-type=\"page\">\n\t\t\t\t<div class=\"elementor-element elementor-element-9153529 e-flex e-con-boxed e-con e-parent\" data-id=\"9153529\" data-element_type=\"container\">\n\t\t\t\t\t<div class=\"e-con-inner\">\n\t\t\t\t<div class=\"elementor-element elementor-element-f2a1f27 underline elementor-widget elementor-widget-button\" data-id=\"f2a1f27\" data-element_type=\"widget\" data-widget_type=\"button.default\">\n\t\t\t\t<div class=\"elementor-widget-container\">\n\t\t\t\t\t\t\t\t\t<div class=\"elementor-button-wrapper\">\n\t\t\t\t\t<a class=\"elementor-button elementor-button-link elementor-size-sm\" href=\"https:\/\/remodelacion-aeropuerto-palma-mallorca.es\/ca\/\">\n\t\t\t\t\t\t<span class=\"elementor-button-content-wrapper\">\n\t\t\t\t\t\t<span class=\"elementor-button-icon\">\n\t\t\t\t<svg aria-hidden=\"true\" class=\"e-font-icon-svg e-fas-chevron-right\" viewBox=\"0 0 320 512\" xmlns=\"http:\/\/www.w3.org\/2000\/svg\"><path d=\"M285.476 272.971L91.132 467.314c-9.373 9.373-24.569 9.373-33.941 0l-22.667-22.667c-9.357-9.357-9.375-24.522-.04-33.901L188.505 256 34.484 101.255c-9.335-9.379-9.317-24.544.04-33.901l22.667-22.667c9.373-9.373 24.569-9.373 33.941 0L285.475 239.03c9.373 9.372 9.373 24.568.001 33.941z\"><\/path><\/svg>\t\t\t<\/span>\n\t\t\t\t\t\t\t\t\t<span class=\"elementor-button-text\">Inici<\/span>\n\t\t\t\t\t<\/span>\n\t\t\t\t\t<\/a>\n\t\t\t\t<\/div>\n\t\t\t\t\t\t\t\t<\/div>\n\t\t\t\t<\/div>\n\t\t\t\t<div class=\"elementor-element elementor-element-7164642 underline elementor-widget elementor-widget-button\" data-id=\"7164642\" data-element_type=\"widget\" data-widget_type=\"button.default\">\n\t\t\t\t<div class=\"elementor-widget-container\">\n\t\t\t\t\t\t\t\t\t<div class=\"elementor-button-wrapper\">\n\t\t\t\t\t<a class=\"elementor-button elementor-button-link elementor-size-sm\" href=\"https:\/\/remodelacion-aeropuerto-palma-mallorca.es\/ca\/fites-del-projecte\/\">\n\t\t\t\t\t\t<span class=\"elementor-button-content-wrapper\">\n\t\t\t\t\t\t<span class=\"elementor-button-icon\">\n\t\t\t\t<svg aria-hidden=\"true\" class=\"e-font-icon-svg e-fas-chevron-right\" viewBox=\"0 0 320 512\" xmlns=\"http:\/\/www.w3.org\/2000\/svg\"><path d=\"M285.476 272.971L91.132 467.314c-9.373 9.373-24.569 9.373-33.941 0l-22.667-22.667c-9.357-9.357-9.375-24.522-.04-33.901L188.505 256 34.484 101.255c-9.335-9.379-9.317-24.544.04-33.901l22.667-22.667c9.373-9.373 24.569-9.373 33.941 0L285.475 239.03c9.373 9.372 9.373 24.568.001 33.941z\"><\/path><\/svg>\t\t\t<\/span>\n\t\t\t\t\t\t\t\t\t<span class=\"elementor-button-text\">Fites del projecte de remodelaci\u00f3<\/span>\n\t\t\t\t\t<\/span>\n\t\t\t\t\t<\/a>\n\t\t\t\t<\/div>\n\t\t\t\t\t\t\t\t<\/div>\n\t\t\t\t<\/div>\n\t\t\t\t<div class=\"elementor-element elementor-element-ac65f05 elementor-widget elementor-widget-heading\" data-id=\"ac65f05\" data-element_type=\"widget\" data-widget_type=\"heading.default\">\n\t\t\t\t<div class=\"elementor-widget-container\">\n\t\t\t\t\t<span class=\"elementor-heading-title elementor-size-default\">Remodelaci\u00f3 M\u00f2dul A<\/span>\t\t\t\t<\/div>\n\t\t\t\t<\/div>\n\t\t\t\t\t<\/div>\n\t\t\t\t<\/div>\n\t\t<div class=\"elementor-element elementor-element-72f98e8 js-section e-flex e-con-boxed e-con e-parent\" data-id=\"72f98e8\" data-element_type=\"container\">\n\t\t\t\t\t<div class=\"e-con-inner\">\n\t\t<div class=\"elementor-element elementor-element-138f420 e-con-full e-flex e-con e-child\" data-id=\"138f420\" data-element_type=\"container\">\n\t\t\t\t<div class=\"elementor-element elementor-element-e532328 elementor-widget elementor-widget-heading\" data-id=\"e532328\" data-element_type=\"widget\" data-widget_type=\"heading.default\">\n\t\t\t\t<div class=\"elementor-widget-container\">\n\t\t\t\t\t<h2 class=\"elementor-heading-title elementor-size-default\">Remodelaci\u00f3 M\u00f2dul A<\/h2>\t\t\t\t<\/div>\n\t\t\t\t<\/div>\n\t\t\t\t<div class=\"elementor-element elementor-element-30f8758 elementor-widget-divider--view-line elementor-widget elementor-widget-divider\" data-id=\"30f8758\" data-element_type=\"widget\" data-widget_type=\"divider.default\">\n\t\t\t\t<div class=\"elementor-widget-container\">\n\t\t\t\t\t\t\t<div class=\"elementor-divider\">\n\t\t\t<span class=\"elementor-divider-separator\">\n\t\t\t\t\t\t<\/span>\n\t\t<\/div>\n\t\t\t\t\t\t<\/div>\n\t\t\t\t<\/div>\n\t\t\t\t<div class=\"elementor-element elementor-element-9778d08 elementor-widget elementor-widget-heading\" data-id=\"9778d08\" data-element_type=\"widget\" data-widget_type=\"heading.default\">\n\t\t\t\t<div class=\"elementor-widget-container\">\n\t\t\t\t\t<h3 class=\"elementor-heading-title elementor-size-default\">Maig 2024<\/h3>\t\t\t\t<\/div>\n\t\t\t\t<\/div>\n\t\t\t\t<\/div>\n\t\t<div class=\"elementor-element elementor-element-d09594e e-con-full e-flex e-con e-child\" data-id=\"d09594e\" data-element_type=\"container\">\n\t\t\t\t<div class=\"elementor-element elementor-element-54aea02 elementor-widget elementor-widget-text-editor\" data-id=\"54aea02\" data-element_type=\"widget\" data-widget_type=\"text-editor.default\">\n\t\t\t\t<div class=\"elementor-widget-container\">\n\t\t\t\t\t\t\t\t\t<p>La remodelaci\u00f3 integral del M\u00f2dul A contempla diverses fases i millores per a oferir un servei de major qualitat i confort a passatgers i aerol\u00ednies. Simult\u00e0niament s&#8217;ha treballat en la renovaci\u00f3 de la imatge del m\u00f2dul, dotant-lo de major llum natural i espais m\u00e9s amplis. Aquest m\u00f2dul compta tamb\u00e9 amb dos nous passadissos elevats de connexi\u00f3 amb l&#8217;edifici processador, per al flux de circulaci\u00f3 de passatgers d&#8217;arribades i el de sortides, que redueixen els recorreguts per a entrar i sortir d&#8217;aquest.  <\/p>\t\t\t\t\t\t\t\t<\/div>\n\t\t\t\t<\/div>\n\t\t\t\t<\/div>\n\t\t<div class=\"elementor-element elementor-element-bfcc559 e-con-full e-flex e-con e-child\" data-id=\"bfcc559\" data-element_type=\"container\">\n\t\t<div class=\"elementor-element elementor-element-1c79f70 e-con-full e-flex e-con e-child\" data-id=\"1c79f70\" data-element_type=\"container\">\n\t\t\t\t<div class=\"elementor-element elementor-element-a0193c0 elementor-widget elementor-widget-image\" data-id=\"a0193c0\" data-element_type=\"widget\" data-widget_type=\"image.default\">\n\t\t\t\t<div class=\"elementor-widget-container\">\n\t\t\t\t\t\t\t\t\t\t\t\t\t\t\t<img fetchpriority=\"high\" decoding=\"async\" width=\"2560\" height=\"1428\" src=\"https:\/\/remodelacion-aeropuerto-palma-mallorca.es\/wp-content\/uploads\/2024\/11\/people-scaled.webp\" class=\"attachment-full size-full wp-image-1440\" alt=\"\" srcset=\"https:\/\/remodelacion-aeropuerto-palma-mallorca.es\/wp-content\/uploads\/2024\/11\/people-scaled.webp 2560w, https:\/\/remodelacion-aeropuerto-palma-mallorca.es\/wp-content\/uploads\/2024\/11\/people-300x167.webp 300w, https:\/\/remodelacion-aeropuerto-palma-mallorca.es\/wp-content\/uploads\/2024\/11\/people-1024x571.webp 1024w, https:\/\/remodelacion-aeropuerto-palma-mallorca.es\/wp-content\/uploads\/2024\/11\/people-768x429.webp 768w, https:\/\/remodelacion-aeropuerto-palma-mallorca.es\/wp-content\/uploads\/2024\/11\/people-1536x857.webp 1536w, https:\/\/remodelacion-aeropuerto-palma-mallorca.es\/wp-content\/uploads\/2024\/11\/people-2048x1143.webp 2048w\" sizes=\"(max-width: 2560px) 100vw, 2560px\" \/>\t\t\t\t\t\t\t\t\t\t\t\t\t\t\t<\/div>\n\t\t\t\t<\/div>\n\t\t\t\t<div class=\"elementor-element elementor-element-526121d elementor-widget elementor-widget-heading\" data-id=\"526121d\" data-element_type=\"widget\" data-widget_type=\"heading.default\">\n\t\t\t\t<div class=\"elementor-widget-container\">\n\t\t\t\t\t<h2 class=\"elementor-heading-title elementor-size-default\">Interior del M\u00f2dul A<\/h2>\t\t\t\t<\/div>\n\t\t\t\t<\/div>\n\t\t\t\t<\/div>\n\t\t<div class=\"elementor-element elementor-element-288cc7b e-con-full e-flex e-con e-child\" data-id=\"288cc7b\" data-element_type=\"container\">\n\t\t\t\t<div class=\"elementor-element elementor-element-e9e3512 elementor-widget elementor-widget-image\" data-id=\"e9e3512\" data-element_type=\"widget\" data-widget_type=\"image.default\">\n\t\t\t\t<div class=\"elementor-widget-container\">\n\t\t\t\t\t\t\t\t\t\t\t\t\t\t\t<img decoding=\"async\" width=\"1484\" height=\"873\" src=\"https:\/\/remodelacion-aeropuerto-palma-mallorca.es\/wp-content\/uploads\/2024\/12\/image-2.webp\" class=\"attachment-full size-full wp-image-1736\" alt=\"\" srcset=\"https:\/\/remodelacion-aeropuerto-palma-mallorca.es\/wp-content\/uploads\/2024\/12\/image-2.webp 1484w, https:\/\/remodelacion-aeropuerto-palma-mallorca.es\/wp-content\/uploads\/2024\/12\/image-2-300x176.webp 300w, https:\/\/remodelacion-aeropuerto-palma-mallorca.es\/wp-content\/uploads\/2024\/12\/image-2-1024x602.webp 1024w, https:\/\/remodelacion-aeropuerto-palma-mallorca.es\/wp-content\/uploads\/2024\/12\/image-2-768x452.webp 768w\" sizes=\"(max-width: 1484px) 100vw, 1484px\" \/>\t\t\t\t\t\t\t\t\t\t\t\t\t\t\t<\/div>\n\t\t\t\t<\/div>\n\t\t\t\t<div class=\"elementor-element elementor-element-a854f2d elementor-widget elementor-widget-heading\" data-id=\"a854f2d\" data-element_type=\"widget\" data-widget_type=\"heading.default\">\n\t\t\t\t<div class=\"elementor-widget-container\">\n\t\t\t\t\t<h2 class=\"elementor-heading-title elementor-size-default\">Interior del M\u00f2dul A<\/h2>\t\t\t\t<\/div>\n\t\t\t\t<\/div>\n\t\t\t\t<\/div>\n\t\t\t\t<\/div>\n\t\t<div class=\"elementor-element elementor-element-262752c e-con-full e-flex e-con e-child\" data-id=\"262752c\" data-element_type=\"container\">\n\t\t<div class=\"elementor-element elementor-element-12e5d33 e-con-full e-flex e-con e-child\" data-id=\"12e5d33\" data-element_type=\"container\">\n\t\t\t\t<div class=\"elementor-element elementor-element-5ecde0d elementor-widget elementor-widget-spacer\" data-id=\"5ecde0d\" data-element_type=\"widget\" data-widget_type=\"spacer.default\">\n\t\t\t\t<div class=\"elementor-widget-container\">\n\t\t\t\t\t\t\t<div class=\"elementor-spacer\">\n\t\t\t<div class=\"elementor-spacer-inner\"><\/div>\n\t\t<\/div>\n\t\t\t\t\t\t<\/div>\n\t\t\t\t<\/div>\n\t\t\t\t<\/div>\n\t\t\t\t<\/div>\n\t\t\t\t\t<\/div>\n\t\t\t\t<\/div>\n\t\t\t\t<\/div>\n\t\t","protected":false},"excerpt":{"rendered":"<p>Inici Fites del projecte de remodelaci\u00f3 Remodelaci\u00f3 M\u00f2dul A Maig 2024 La remodelaci\u00f3 integral del M\u00f2dul A contempla diverses fases i millores per a oferir un servei de major qualitat i confort a passatgers i aerol\u00ednies. Simult\u00e0niament s&#8217;ha treballat en la renovaci\u00f3 de la imatge del m\u00f2dul, dotant-lo de major llum natural i espais m\u00e9s [&hellip;]<\/p>\n","protected":false},"author":1,"featured_media":0,"parent":2299,"menu_order":0,"comment_status":"closed","ping_status":"closed","template":"","meta":{"_acf_changed":false,"footnotes":""},"class_list":["post-2915","page","type-page","status-publish","hentry"],"acf":[],"yoast_head":"<!-- This site is optimized with the Yoast SEO plugin v26.7 - https:\/\/yoast.com\/wordpress\/plugins\/seo\/ -->\n<title>Remodelaci\u00f3 M\u00f2dul A - Aena<\/title>\n<meta name=\"robots\" content=\"index, follow, max-snippet:-1, max-image-preview:large, max-video-preview:-1\" \/>\n<link rel=\"canonical\" href=\"https:\/\/remodelacion-aeropuerto-palma-mallorca.es\/ca\/fites-del-projecte\/remodelacio-modul-a\/\" \/>\n<meta property=\"og:locale\" content=\"ca_ES\" \/>\n<meta property=\"og:type\" content=\"article\" \/>\n<meta property=\"og:title\" content=\"Remodelaci\u00f3 M\u00f2dul A - Aena\" \/>\n<meta property=\"og:description\" content=\"Inici Fites del projecte de remodelaci\u00f3 Remodelaci\u00f3 M\u00f2dul A Maig 2024 La remodelaci\u00f3 integral del M\u00f2dul A contempla diverses fases i millores per a oferir un servei de major qualitat i confort a passatgers i aerol\u00ednies. Simult\u00e0niament s&#8217;ha treballat en la renovaci\u00f3 de la imatge del m\u00f2dul, dotant-lo de major llum natural i espais m\u00e9s [&hellip;]\" \/>\n<meta property=\"og:url\" content=\"https:\/\/remodelacion-aeropuerto-palma-mallorca.es\/ca\/fites-del-projecte\/remodelacio-modul-a\/\" \/>\n<meta property=\"og:site_name\" content=\"Aena\" \/>\n<meta property=\"article:modified_time\" content=\"2025-11-27T12:15:09+00:00\" \/>\n<meta property=\"og:image\" content=\"https:\/\/remodelacion-aeropuerto-palma-mallorca.es\/wp-content\/uploads\/2024\/11\/people-scaled.webp\" \/>\n\t<meta property=\"og:image:width\" content=\"2560\" \/>\n\t<meta property=\"og:image:height\" content=\"1428\" \/>\n\t<meta property=\"og:image:type\" content=\"image\/webp\" \/>\n<meta name=\"twitter:card\" content=\"summary_large_image\" \/>\n<meta name=\"twitter:label1\" content=\"Temps estimat de lectura\" \/>\n\t<meta name=\"twitter:data1\" content=\"1 minut\" \/>\n<script type=\"application\/ld+json\" class=\"yoast-schema-graph\">{\"@context\":\"https:\/\/schema.org\",\"@graph\":[{\"@type\":\"WebPage\",\"@id\":\"https:\/\/remodelacion-aeropuerto-palma-mallorca.es\/ca\/fites-del-projecte\/remodelacio-modul-a\/\",\"url\":\"https:\/\/remodelacion-aeropuerto-palma-mallorca.es\/ca\/fites-del-projecte\/remodelacio-modul-a\/\",\"name\":\"Remodelaci\u00f3 M\u00f2dul A - Aena\",\"isPartOf\":{\"@id\":\"https:\/\/remodelacion-aeropuerto-palma-mallorca.es\/ca\/#website\"},\"primaryImageOfPage\":{\"@id\":\"https:\/\/remodelacion-aeropuerto-palma-mallorca.es\/ca\/fites-del-projecte\/remodelacio-modul-a\/#primaryimage\"},\"image\":{\"@id\":\"https:\/\/remodelacion-aeropuerto-palma-mallorca.es\/ca\/fites-del-projecte\/remodelacio-modul-a\/#primaryimage\"},\"thumbnailUrl\":\"https:\/\/remodelacion-aeropuerto-palma-mallorca.es\/wp-content\/uploads\/2024\/11\/people-scaled.webp\",\"datePublished\":\"2025-05-26T09:11:37+00:00\",\"dateModified\":\"2025-11-27T12:15:09+00:00\",\"breadcrumb\":{\"@id\":\"https:\/\/remodelacion-aeropuerto-palma-mallorca.es\/ca\/fites-del-projecte\/remodelacio-modul-a\/#breadcrumb\"},\"inLanguage\":\"ca\",\"potentialAction\":[{\"@type\":\"ReadAction\",\"target\":[\"https:\/\/remodelacion-aeropuerto-palma-mallorca.es\/ca\/fites-del-projecte\/remodelacio-modul-a\/\"]}]},{\"@type\":\"ImageObject\",\"inLanguage\":\"ca\",\"@id\":\"https:\/\/remodelacion-aeropuerto-palma-mallorca.es\/ca\/fites-del-projecte\/remodelacio-modul-a\/#primaryimage\",\"url\":\"https:\/\/remodelacion-aeropuerto-palma-mallorca.es\/wp-content\/uploads\/2024\/11\/people-scaled.webp\",\"contentUrl\":\"https:\/\/remodelacion-aeropuerto-palma-mallorca.es\/wp-content\/uploads\/2024\/11\/people-scaled.webp\"},{\"@type\":\"BreadcrumbList\",\"@id\":\"https:\/\/remodelacion-aeropuerto-palma-mallorca.es\/ca\/fites-del-projecte\/remodelacio-modul-a\/#breadcrumb\",\"itemListElement\":[{\"@type\":\"ListItem\",\"position\":1,\"name\":\"Portada\",\"item\":\"https:\/\/remodelacion-aeropuerto-palma-mallorca.es\/ca\/inici\/\"},{\"@type\":\"ListItem\",\"position\":2,\"name\":\"Fites del projecte de remodelaci\u00f3\",\"item\":\"https:\/\/remodelacion-aeropuerto-palma-mallorca.es\/ca\/fites-del-projecte\/\"},{\"@type\":\"ListItem\",\"position\":3,\"name\":\"Remodelaci\u00f3 M\u00f2dul A\"}]},{\"@type\":\"WebSite\",\"@id\":\"https:\/\/remodelacion-aeropuerto-palma-mallorca.es\/ca\/#website\",\"url\":\"https:\/\/remodelacion-aeropuerto-palma-mallorca.es\/ca\/\",\"name\":\"Aena\",\"description\":\"\",\"publisher\":{\"@id\":\"https:\/\/remodelacion-aeropuerto-palma-mallorca.es\/ca\/#organization\"},\"potentialAction\":[{\"@type\":\"SearchAction\",\"target\":{\"@type\":\"EntryPoint\",\"urlTemplate\":\"https:\/\/remodelacion-aeropuerto-palma-mallorca.es\/ca\/?s={search_term_string}\"},\"query-input\":{\"@type\":\"PropertyValueSpecification\",\"valueRequired\":true,\"valueName\":\"search_term_string\"}}],\"inLanguage\":\"ca\"},{\"@type\":\"Organization\",\"@id\":\"https:\/\/remodelacion-aeropuerto-palma-mallorca.es\/ca\/#organization\",\"name\":\"Aena\",\"url\":\"https:\/\/remodelacion-aeropuerto-palma-mallorca.es\/ca\/\",\"logo\":{\"@type\":\"ImageObject\",\"inLanguage\":\"ca\",\"@id\":\"https:\/\/remodelacion-aeropuerto-palma-mallorca.es\/ca\/#\/schema\/logo\/image\/\",\"url\":\"https:\/\/remodelacion-aeropuerto-palma-mallorca.es\/wp-content\/uploads\/2024\/11\/Aena_APT_Fondo-Azul_RGB-2.svg\",\"contentUrl\":\"https:\/\/remodelacion-aeropuerto-palma-mallorca.es\/wp-content\/uploads\/2024\/11\/Aena_APT_Fondo-Azul_RGB-2.svg\",\"caption\":\"Aena\"},\"image\":{\"@id\":\"https:\/\/remodelacion-aeropuerto-palma-mallorca.es\/ca\/#\/schema\/logo\/image\/\"}}]}<\/script>\n<!-- \/ Yoast SEO plugin. -->","yoast_head_json":{"title":"Remodelaci\u00f3 M\u00f2dul A - Aena","robots":{"index":"index","follow":"follow","max-snippet":"max-snippet:-1","max-image-preview":"max-image-preview:large","max-video-preview":"max-video-preview:-1"},"canonical":"https:\/\/remodelacion-aeropuerto-palma-mallorca.es\/ca\/fites-del-projecte\/remodelacio-modul-a\/","og_locale":"ca_ES","og_type":"article","og_title":"Remodelaci\u00f3 M\u00f2dul A - Aena","og_description":"Inici Fites del projecte de remodelaci\u00f3 Remodelaci\u00f3 M\u00f2dul A Maig 2024 La remodelaci\u00f3 integral del M\u00f2dul A contempla diverses fases i millores per a oferir un servei de major qualitat i confort a passatgers i aerol\u00ednies. Simult\u00e0niament s&#8217;ha treballat en la renovaci\u00f3 de la imatge del m\u00f2dul, dotant-lo de major llum natural i espais m\u00e9s [&hellip;]","og_url":"https:\/\/remodelacion-aeropuerto-palma-mallorca.es\/ca\/fites-del-projecte\/remodelacio-modul-a\/","og_site_name":"Aena","article_modified_time":"2025-11-27T12:15:09+00:00","og_image":[{"width":2560,"height":1428,"url":"https:\/\/remodelacion-aeropuerto-palma-mallorca.es\/wp-content\/uploads\/2024\/11\/people-scaled.webp","type":"image\/webp"}],"twitter_card":"summary_large_image","twitter_misc":{"Temps estimat de lectura":"1 minut"},"schema":{"@context":"https:\/\/schema.org","@graph":[{"@type":"WebPage","@id":"https:\/\/remodelacion-aeropuerto-palma-mallorca.es\/ca\/fites-del-projecte\/remodelacio-modul-a\/","url":"https:\/\/remodelacion-aeropuerto-palma-mallorca.es\/ca\/fites-del-projecte\/remodelacio-modul-a\/","name":"Remodelaci\u00f3 M\u00f2dul A - Aena","isPartOf":{"@id":"https:\/\/remodelacion-aeropuerto-palma-mallorca.es\/ca\/#website"},"primaryImageOfPage":{"@id":"https:\/\/remodelacion-aeropuerto-palma-mallorca.es\/ca\/fites-del-projecte\/remodelacio-modul-a\/#primaryimage"},"image":{"@id":"https:\/\/remodelacion-aeropuerto-palma-mallorca.es\/ca\/fites-del-projecte\/remodelacio-modul-a\/#primaryimage"},"thumbnailUrl":"https:\/\/remodelacion-aeropuerto-palma-mallorca.es\/wp-content\/uploads\/2024\/11\/people-scaled.webp","datePublished":"2025-05-26T09:11:37+00:00","dateModified":"2025-11-27T12:15:09+00:00","breadcrumb":{"@id":"https:\/\/remodelacion-aeropuerto-palma-mallorca.es\/ca\/fites-del-projecte\/remodelacio-modul-a\/#breadcrumb"},"inLanguage":"ca","potentialAction":[{"@type":"ReadAction","target":["https:\/\/remodelacion-aeropuerto-palma-mallorca.es\/ca\/fites-del-projecte\/remodelacio-modul-a\/"]}]},{"@type":"ImageObject","inLanguage":"ca","@id":"https:\/\/remodelacion-aeropuerto-palma-mallorca.es\/ca\/fites-del-projecte\/remodelacio-modul-a\/#primaryimage","url":"https:\/\/remodelacion-aeropuerto-palma-mallorca.es\/wp-content\/uploads\/2024\/11\/people-scaled.webp","contentUrl":"https:\/\/remodelacion-aeropuerto-palma-mallorca.es\/wp-content\/uploads\/2024\/11\/people-scaled.webp"},{"@type":"BreadcrumbList","@id":"https:\/\/remodelacion-aeropuerto-palma-mallorca.es\/ca\/fites-del-projecte\/remodelacio-modul-a\/#breadcrumb","itemListElement":[{"@type":"ListItem","position":1,"name":"Portada","item":"https:\/\/remodelacion-aeropuerto-palma-mallorca.es\/ca\/inici\/"},{"@type":"ListItem","position":2,"name":"Fites del projecte de remodelaci\u00f3","item":"https:\/\/remodelacion-aeropuerto-palma-mallorca.es\/ca\/fites-del-projecte\/"},{"@type":"ListItem","position":3,"name":"Remodelaci\u00f3 M\u00f2dul A"}]},{"@type":"WebSite","@id":"https:\/\/remodelacion-aeropuerto-palma-mallorca.es\/ca\/#website","url":"https:\/\/remodelacion-aeropuerto-palma-mallorca.es\/ca\/","name":"Aena","description":"","publisher":{"@id":"https:\/\/remodelacion-aeropuerto-palma-mallorca.es\/ca\/#organization"},"potentialAction":[{"@type":"SearchAction","target":{"@type":"EntryPoint","urlTemplate":"https:\/\/remodelacion-aeropuerto-palma-mallorca.es\/ca\/?s={search_term_string}"},"query-input":{"@type":"PropertyValueSpecification","valueRequired":true,"valueName":"search_term_string"}}],"inLanguage":"ca"},{"@type":"Organization","@id":"https:\/\/remodelacion-aeropuerto-palma-mallorca.es\/ca\/#organization","name":"Aena","url":"https:\/\/remodelacion-aeropuerto-palma-mallorca.es\/ca\/","logo":{"@type":"ImageObject","inLanguage":"ca","@id":"https:\/\/remodelacion-aeropuerto-palma-mallorca.es\/ca\/#\/schema\/logo\/image\/","url":"https:\/\/remodelacion-aeropuerto-palma-mallorca.es\/wp-content\/uploads\/2024\/11\/Aena_APT_Fondo-Azul_RGB-2.svg","contentUrl":"https:\/\/remodelacion-aeropuerto-palma-mallorca.es\/wp-content\/uploads\/2024\/11\/Aena_APT_Fondo-Azul_RGB-2.svg","caption":"Aena"},"image":{"@id":"https:\/\/remodelacion-aeropuerto-palma-mallorca.es\/ca\/#\/schema\/logo\/image\/"}}]}},"_links":{"self":[{"href":"https:\/\/remodelacion-aeropuerto-palma-mallorca.es\/ca\/wp-json\/wp\/v2\/pages\/2915","targetHints":{"allow":["GET"]}}],"collection":[{"href":"https:\/\/remodelacion-aeropuerto-palma-mallorca.es\/ca\/wp-json\/wp\/v2\/pages"}],"about":[{"href":"https:\/\/remodelacion-aeropuerto-palma-mallorca.es\/ca\/wp-json\/wp\/v2\/types\/page"}],"author":[{"embeddable":true,"href":"https:\/\/remodelacion-aeropuerto-palma-mallorca.es\/ca\/wp-json\/wp\/v2\/users\/1"}],"replies":[{"embeddable":true,"href":"https:\/\/remodelacion-aeropuerto-palma-mallorca.es\/ca\/wp-json\/wp\/v2\/comments?post=2915"}],"version-history":[{"count":12,"href":"https:\/\/remodelacion-aeropuerto-palma-mallorca.es\/ca\/wp-json\/wp\/v2\/pages\/2915\/revisions"}],"predecessor-version":[{"id":4469,"href":"https:\/\/remodelacion-aeropuerto-palma-mallorca.es\/ca\/wp-json\/wp\/v2\/pages\/2915\/revisions\/4469"}],"up":[{"embeddable":true,"href":"https:\/\/remodelacion-aeropuerto-palma-mallorca.es\/ca\/wp-json\/wp\/v2\/pages\/2299"}],"wp:attachment":[{"href":"https:\/\/remodelacion-aeropuerto-palma-mallorca.es\/ca\/wp-json\/wp\/v2\/media?parent=2915"}],"curies":[{"name":"wp","href":"https:\/\/api.w.org\/{rel}","templated":true}]}}