{"id":4106,"date":"2025-10-17T14:07:25","date_gmt":"2025-10-17T12:07:25","guid":{"rendered":"https:\/\/aenadisset.rwdesarrollos.es\/?page_id=4106"},"modified":"2025-11-27T13:16:37","modified_gmt":"2025-11-27T12:16:37","slug":"nous-controls-de-seguretat-4","status":"publish","type":"page","link":"https:\/\/remodelacion-aeropuerto-palma-mallorca.es\/ca\/fites-del-projecte\/nous-controls-de-seguretat-4\/","title":{"rendered":"Zona exterior de transport"},"content":{"rendered":"\t\t<div data-elementor-type=\"wp-page\" data-elementor-id=\"4106\" class=\"elementor elementor-4106 elementor-4105\" data-elementor-post-type=\"page\">\n\t\t\t\t<div class=\"elementor-element elementor-element-27270ca e-flex e-con-boxed e-con e-parent\" data-id=\"27270ca\" data-element_type=\"container\">\n\t\t\t\t\t<div class=\"e-con-inner\">\n\t\t\t\t<div class=\"elementor-element elementor-element-b6eb28e underline elementor-widget elementor-widget-button\" data-id=\"b6eb28e\" data-element_type=\"widget\" data-widget_type=\"button.default\">\n\t\t\t\t<div class=\"elementor-widget-container\">\n\t\t\t\t\t\t\t\t\t<div class=\"elementor-button-wrapper\">\n\t\t\t\t\t<a class=\"elementor-button elementor-button-link elementor-size-sm\" href=\"https:\/\/remodelacion-aeropuerto-palma-mallorca.es\/ca\/\">\n\t\t\t\t\t\t<span class=\"elementor-button-content-wrapper\">\n\t\t\t\t\t\t<span class=\"elementor-button-icon\">\n\t\t\t\t<svg aria-hidden=\"true\" class=\"e-font-icon-svg e-fas-chevron-right\" viewBox=\"0 0 320 512\" xmlns=\"http:\/\/www.w3.org\/2000\/svg\"><path d=\"M285.476 272.971L91.132 467.314c-9.373 9.373-24.569 9.373-33.941 0l-22.667-22.667c-9.357-9.357-9.375-24.522-.04-33.901L188.505 256 34.484 101.255c-9.335-9.379-9.317-24.544.04-33.901l22.667-22.667c9.373-9.373 24.569-9.373 33.941 0L285.475 239.03c9.373 9.372 9.373 24.568.001 33.941z\"><\/path><\/svg>\t\t\t<\/span>\n\t\t\t\t\t\t\t\t\t<span class=\"elementor-button-text\">Inici<\/span>\n\t\t\t\t\t<\/span>\n\t\t\t\t\t<\/a>\n\t\t\t\t<\/div>\n\t\t\t\t\t\t\t\t<\/div>\n\t\t\t\t<\/div>\n\t\t\t\t<div class=\"elementor-element elementor-element-da22e5a underline elementor-widget elementor-widget-button\" data-id=\"da22e5a\" data-element_type=\"widget\" data-widget_type=\"button.default\">\n\t\t\t\t<div class=\"elementor-widget-container\">\n\t\t\t\t\t\t\t\t\t<div class=\"elementor-button-wrapper\">\n\t\t\t\t\t<a class=\"elementor-button elementor-button-link elementor-size-sm\" href=\"https:\/\/remodelacion-aeropuerto-palma-mallorca.es\/ca\/fites-del-projecte\/\">\n\t\t\t\t\t\t<span class=\"elementor-button-content-wrapper\">\n\t\t\t\t\t\t<span class=\"elementor-button-icon\">\n\t\t\t\t<svg aria-hidden=\"true\" class=\"e-font-icon-svg e-fas-chevron-right\" viewBox=\"0 0 320 512\" xmlns=\"http:\/\/www.w3.org\/2000\/svg\"><path d=\"M285.476 272.971L91.132 467.314c-9.373 9.373-24.569 9.373-33.941 0l-22.667-22.667c-9.357-9.357-9.375-24.522-.04-33.901L188.505 256 34.484 101.255c-9.335-9.379-9.317-24.544.04-33.901l22.667-22.667c9.373-9.373 24.569-9.373 33.941 0L285.475 239.03c9.373 9.372 9.373 24.568.001 33.941z\"><\/path><\/svg>\t\t\t<\/span>\n\t\t\t\t\t\t\t\t\t<span class=\"elementor-button-text\">Fites del projecte de remodelaci\u00f3<\/span>\n\t\t\t\t\t<\/span>\n\t\t\t\t\t<\/a>\n\t\t\t\t<\/div>\n\t\t\t\t\t\t\t\t<\/div>\n\t\t\t\t<\/div>\n\t\t\t\t<div class=\"elementor-element elementor-element-9b5e461 elementor-widget elementor-widget-heading\" data-id=\"9b5e461\" data-element_type=\"widget\" data-widget_type=\"heading.default\">\n\t\t\t\t<div class=\"elementor-widget-container\">\n\t\t\t\t\t<span class=\"elementor-heading-title elementor-size-default\">Zona exterior de transport<\/span>\t\t\t\t<\/div>\n\t\t\t\t<\/div>\n\t\t\t\t\t<\/div>\n\t\t\t\t<\/div>\n\t\t<div class=\"elementor-element elementor-element-2018aa7 js-section e-flex e-con-boxed e-con e-parent\" data-id=\"2018aa7\" data-element_type=\"container\">\n\t\t\t\t\t<div class=\"e-con-inner\">\n\t\t<div class=\"elementor-element elementor-element-9270129 e-con-full e-flex e-con e-child\" data-id=\"9270129\" data-element_type=\"container\">\n\t\t\t\t<div class=\"elementor-element elementor-element-4ad93bf elementor-widget elementor-widget-heading\" data-id=\"4ad93bf\" data-element_type=\"widget\" data-widget_type=\"heading.default\">\n\t\t\t\t<div class=\"elementor-widget-container\">\n\t\t\t\t\t<h2 class=\"elementor-heading-title elementor-size-default\">Zona exterior de transport<\/h2>\t\t\t\t<\/div>\n\t\t\t\t<\/div>\n\t\t\t\t<div class=\"elementor-element elementor-element-0f834fa elementor-widget-divider--view-line elementor-widget elementor-widget-divider\" data-id=\"0f834fa\" data-element_type=\"widget\" data-widget_type=\"divider.default\">\n\t\t\t\t<div class=\"elementor-widget-container\">\n\t\t\t\t\t\t\t<div class=\"elementor-divider\">\n\t\t\t<span class=\"elementor-divider-separator\">\n\t\t\t\t\t\t<\/span>\n\t\t<\/div>\n\t\t\t\t\t\t<\/div>\n\t\t\t\t<\/div>\n\t\t\t\t<div class=\"elementor-element elementor-element-be8793f elementor-widget elementor-widget-heading\" data-id=\"be8793f\" data-element_type=\"widget\" data-widget_type=\"heading.default\">\n\t\t\t\t<div class=\"elementor-widget-container\">\n\t\t\t\t\t<h3 class=\"elementor-heading-title elementor-size-default\">Juliol 2025<\/h3>\t\t\t\t<\/div>\n\t\t\t\t<\/div>\n\t\t\t\t<\/div>\n\t\t<div class=\"elementor-element elementor-element-b5fe440 e-con-full e-flex e-con e-child\" data-id=\"b5fe440\" data-element_type=\"container\">\n\t\t\t\t<div class=\"elementor-element elementor-element-7ac044e elementor-widget elementor-widget-text-editor\" data-id=\"7ac044e\" data-element_type=\"widget\" data-widget_type=\"text-editor.default\">\n\t\t\t\t<div class=\"elementor-widget-container\">\n\t\t\t\t\t\t\t\t\t<p>El projecte inclou la creaci\u00f3 d&#8217;una nova \u00e0rea destinada exclusivament al transport p\u00fablic col\u00b7lectiu, situada a la zona exterior d&#8217;arribades, amb una ubicaci\u00f3 privilegiada i f\u00e0cilment visible per als usuaris. En aquest espai s&#8217;integren els diferents serveis de transport col\u00b7lectiu de l&#8217;illa, com l\u2019EMT i el TIB, oferint una soluci\u00f3 eficient i accessible. Aquesta iniciativa no nom\u00e9s promou l\u2019\u00fas del transport p\u00fablic, sin\u00f3 que tamb\u00e9 contribueix a reduir la congesti\u00f3 vi\u00e0ria i les emissions de CO\u2082, incentivant els usuaris a optar pel transport col\u00b7lectiu.  <\/p>\t\t\t\t\t\t\t\t<\/div>\n\t\t\t\t<\/div>\n\t\t\t\t<\/div>\n\t\t<div class=\"elementor-element elementor-element-e2f3e5e e-con-full e-flex e-con e-child\" data-id=\"e2f3e5e\" data-element_type=\"container\">\n\t\t<div class=\"elementor-element elementor-element-7aa31be e-con-full e-flex e-con e-child\" data-id=\"7aa31be\" data-element_type=\"container\">\n\t\t\t\t<div class=\"elementor-element elementor-element-6371cff elementor-widget elementor-widget-image\" data-id=\"6371cff\" data-element_type=\"widget\" data-widget_type=\"image.default\">\n\t\t\t\t<div class=\"elementor-widget-container\">\n\t\t\t\t\t\t\t\t\t\t\t\t\t\t\t<img fetchpriority=\"high\" decoding=\"async\" width=\"1500\" height=\"812\" src=\"https:\/\/remodelacion-aeropuerto-palma-mallorca.es\/wp-content\/uploads\/2025\/10\/20251017-123340.jpg\" class=\"attachment-full size-full wp-image-4203\" alt=\"\" srcset=\"https:\/\/remodelacion-aeropuerto-palma-mallorca.es\/wp-content\/uploads\/2025\/10\/20251017-123340.jpg 1500w, https:\/\/remodelacion-aeropuerto-palma-mallorca.es\/wp-content\/uploads\/2025\/10\/20251017-123340-300x162.jpg 300w, https:\/\/remodelacion-aeropuerto-palma-mallorca.es\/wp-content\/uploads\/2025\/10\/20251017-123340-1024x554.jpg 1024w, https:\/\/remodelacion-aeropuerto-palma-mallorca.es\/wp-content\/uploads\/2025\/10\/20251017-123340-768x416.jpg 768w\" sizes=\"(max-width: 1500px) 100vw, 1500px\" \/>\t\t\t\t\t\t\t\t\t\t\t\t\t\t\t<\/div>\n\t\t\t\t<\/div>\n\t\t\t\t<\/div>\n\t\t<div class=\"elementor-element elementor-element-114eedd e-con-full e-flex e-con e-child\" data-id=\"114eedd\" data-element_type=\"container\">\n\t\t\t\t<div class=\"elementor-element elementor-element-a76bc45 elementor-widget elementor-widget-image\" data-id=\"a76bc45\" data-element_type=\"widget\" data-widget_type=\"image.default\">\n\t\t\t\t<div class=\"elementor-widget-container\">\n\t\t\t\t\t\t\t\t\t\t\t\t\t\t\t<img decoding=\"async\" width=\"1500\" height=\"839\" src=\"https:\/\/remodelacion-aeropuerto-palma-mallorca.es\/wp-content\/uploads\/2025\/10\/20251017-123432.jpg\" class=\"attachment-full size-full wp-image-4204\" alt=\"\" srcset=\"https:\/\/remodelacion-aeropuerto-palma-mallorca.es\/wp-content\/uploads\/2025\/10\/20251017-123432.jpg 1500w, https:\/\/remodelacion-aeropuerto-palma-mallorca.es\/wp-content\/uploads\/2025\/10\/20251017-123432-300x168.jpg 300w, https:\/\/remodelacion-aeropuerto-palma-mallorca.es\/wp-content\/uploads\/2025\/10\/20251017-123432-1024x573.jpg 1024w, https:\/\/remodelacion-aeropuerto-palma-mallorca.es\/wp-content\/uploads\/2025\/10\/20251017-123432-768x430.jpg 768w\" sizes=\"(max-width: 1500px) 100vw, 1500px\" \/>\t\t\t\t\t\t\t\t\t\t\t\t\t\t\t<\/div>\n\t\t\t\t<\/div>\n\t\t\t\t<\/div>\n\t\t\t\t<\/div>\n\t\t<div class=\"elementor-element elementor-element-502242f e-con-full e-flex e-con e-child\" data-id=\"502242f\" data-element_type=\"container\">\n\t\t<div class=\"elementor-element elementor-element-fe398c4 e-con-full e-flex e-con e-child\" data-id=\"fe398c4\" data-element_type=\"container\">\n\t\t\t\t<div class=\"elementor-element elementor-element-746e7bb elementor-widget elementor-widget-spacer\" data-id=\"746e7bb\" data-element_type=\"widget\" data-widget_type=\"spacer.default\">\n\t\t\t\t<div class=\"elementor-widget-container\">\n\t\t\t\t\t\t\t<div class=\"elementor-spacer\">\n\t\t\t<div class=\"elementor-spacer-inner\"><\/div>\n\t\t<\/div>\n\t\t\t\t\t\t<\/div>\n\t\t\t\t<\/div>\n\t\t\t\t<\/div>\n\t\t\t\t<\/div>\n\t\t\t\t\t<\/div>\n\t\t\t\t<\/div>\n\t\t\t\t<\/div>\n\t\t","protected":false},"excerpt":{"rendered":"<p>Inici Fites del projecte de remodelaci\u00f3 Zona exterior de transport Juliol 2025 El projecte inclou la creaci\u00f3 d&#8217;una nova \u00e0rea destinada exclusivament al transport p\u00fablic col\u00b7lectiu, situada a la zona exterior d&#8217;arribades, amb una ubicaci\u00f3 privilegiada i f\u00e0cilment visible per als usuaris. En aquest espai s&#8217;integren els diferents serveis de transport col\u00b7lectiu de l&#8217;illa, com [&hellip;]<\/p>\n","protected":false},"author":2,"featured_media":0,"parent":2299,"menu_order":0,"comment_status":"closed","ping_status":"closed","template":"","meta":{"_acf_changed":false,"footnotes":""},"class_list":["post-4106","page","type-page","status-publish","hentry"],"acf":[],"yoast_head":"<!-- This site is optimized with the Yoast SEO plugin v26.7 - https:\/\/yoast.com\/wordpress\/plugins\/seo\/ -->\n<title>Zona exterior de transport - Aena<\/title>\n<meta name=\"robots\" content=\"index, follow, max-snippet:-1, max-image-preview:large, max-video-preview:-1\" \/>\n<link rel=\"canonical\" href=\"https:\/\/remodelacion-aeropuerto-palma-mallorca.es\/ca\/fites-del-projecte\/nous-controls-de-seguretat-4\/\" \/>\n<meta property=\"og:locale\" content=\"ca_ES\" \/>\n<meta property=\"og:type\" content=\"article\" \/>\n<meta property=\"og:title\" content=\"Zona exterior de transport - Aena\" \/>\n<meta property=\"og:description\" content=\"Inici Fites del projecte de remodelaci\u00f3 Zona exterior de transport Juliol 2025 El projecte inclou la creaci\u00f3 d&#8217;una nova \u00e0rea destinada exclusivament al transport p\u00fablic col\u00b7lectiu, situada a la zona exterior d&#8217;arribades, amb una ubicaci\u00f3 privilegiada i f\u00e0cilment visible per als usuaris. En aquest espai s&#8217;integren els diferents serveis de transport col\u00b7lectiu de l&#8217;illa, com [&hellip;]\" \/>\n<meta property=\"og:url\" content=\"https:\/\/remodelacion-aeropuerto-palma-mallorca.es\/ca\/fites-del-projecte\/nous-controls-de-seguretat-4\/\" \/>\n<meta property=\"og:site_name\" content=\"Aena\" \/>\n<meta property=\"article:modified_time\" content=\"2025-11-27T12:16:37+00:00\" \/>\n<meta property=\"og:image\" content=\"https:\/\/remodelacion-aeropuerto-palma-mallorca.es\/wp-content\/uploads\/2025\/10\/20251017-123340.jpg\" \/>\n\t<meta property=\"og:image:width\" content=\"1500\" \/>\n\t<meta property=\"og:image:height\" content=\"812\" \/>\n\t<meta property=\"og:image:type\" content=\"image\/jpeg\" \/>\n<meta name=\"twitter:card\" content=\"summary_large_image\" \/>\n<meta name=\"twitter:label1\" content=\"Temps estimat de lectura\" \/>\n\t<meta name=\"twitter:data1\" content=\"2 minuts\" \/>\n<script type=\"application\/ld+json\" class=\"yoast-schema-graph\">{\"@context\":\"https:\/\/schema.org\",\"@graph\":[{\"@type\":\"WebPage\",\"@id\":\"https:\/\/remodelacion-aeropuerto-palma-mallorca.es\/ca\/fites-del-projecte\/nous-controls-de-seguretat-4\/\",\"url\":\"https:\/\/remodelacion-aeropuerto-palma-mallorca.es\/ca\/fites-del-projecte\/nous-controls-de-seguretat-4\/\",\"name\":\"Zona exterior de transport - Aena\",\"isPartOf\":{\"@id\":\"https:\/\/remodelacion-aeropuerto-palma-mallorca.es\/ca\/#website\"},\"primaryImageOfPage\":{\"@id\":\"https:\/\/remodelacion-aeropuerto-palma-mallorca.es\/ca\/fites-del-projecte\/nous-controls-de-seguretat-4\/#primaryimage\"},\"image\":{\"@id\":\"https:\/\/remodelacion-aeropuerto-palma-mallorca.es\/ca\/fites-del-projecte\/nous-controls-de-seguretat-4\/#primaryimage\"},\"thumbnailUrl\":\"https:\/\/remodelacion-aeropuerto-palma-mallorca.es\/wp-content\/uploads\/2025\/10\/20251017-123340.jpg\",\"datePublished\":\"2025-10-17T12:07:25+00:00\",\"dateModified\":\"2025-11-27T12:16:37+00:00\",\"breadcrumb\":{\"@id\":\"https:\/\/remodelacion-aeropuerto-palma-mallorca.es\/ca\/fites-del-projecte\/nous-controls-de-seguretat-4\/#breadcrumb\"},\"inLanguage\":\"ca\",\"potentialAction\":[{\"@type\":\"ReadAction\",\"target\":[\"https:\/\/remodelacion-aeropuerto-palma-mallorca.es\/ca\/fites-del-projecte\/nous-controls-de-seguretat-4\/\"]}]},{\"@type\":\"ImageObject\",\"inLanguage\":\"ca\",\"@id\":\"https:\/\/remodelacion-aeropuerto-palma-mallorca.es\/ca\/fites-del-projecte\/nous-controls-de-seguretat-4\/#primaryimage\",\"url\":\"https:\/\/remodelacion-aeropuerto-palma-mallorca.es\/wp-content\/uploads\/2025\/10\/20251017-123340.jpg\",\"contentUrl\":\"https:\/\/remodelacion-aeropuerto-palma-mallorca.es\/wp-content\/uploads\/2025\/10\/20251017-123340.jpg\"},{\"@type\":\"BreadcrumbList\",\"@id\":\"https:\/\/remodelacion-aeropuerto-palma-mallorca.es\/ca\/fites-del-projecte\/nous-controls-de-seguretat-4\/#breadcrumb\",\"itemListElement\":[{\"@type\":\"ListItem\",\"position\":1,\"name\":\"Portada\",\"item\":\"https:\/\/remodelacion-aeropuerto-palma-mallorca.es\/ca\/inici\/\"},{\"@type\":\"ListItem\",\"position\":2,\"name\":\"Fites del projecte de remodelaci\u00f3\",\"item\":\"https:\/\/remodelacion-aeropuerto-palma-mallorca.es\/ca\/fites-del-projecte\/\"},{\"@type\":\"ListItem\",\"position\":3,\"name\":\"Zona exterior de transport\"}]},{\"@type\":\"WebSite\",\"@id\":\"https:\/\/remodelacion-aeropuerto-palma-mallorca.es\/ca\/#website\",\"url\":\"https:\/\/remodelacion-aeropuerto-palma-mallorca.es\/ca\/\",\"name\":\"Aena\",\"description\":\"\",\"publisher\":{\"@id\":\"https:\/\/remodelacion-aeropuerto-palma-mallorca.es\/ca\/#organization\"},\"potentialAction\":[{\"@type\":\"SearchAction\",\"target\":{\"@type\":\"EntryPoint\",\"urlTemplate\":\"https:\/\/remodelacion-aeropuerto-palma-mallorca.es\/ca\/?s={search_term_string}\"},\"query-input\":{\"@type\":\"PropertyValueSpecification\",\"valueRequired\":true,\"valueName\":\"search_term_string\"}}],\"inLanguage\":\"ca\"},{\"@type\":\"Organization\",\"@id\":\"https:\/\/remodelacion-aeropuerto-palma-mallorca.es\/ca\/#organization\",\"name\":\"Aena\",\"url\":\"https:\/\/remodelacion-aeropuerto-palma-mallorca.es\/ca\/\",\"logo\":{\"@type\":\"ImageObject\",\"inLanguage\":\"ca\",\"@id\":\"https:\/\/remodelacion-aeropuerto-palma-mallorca.es\/ca\/#\/schema\/logo\/image\/\",\"url\":\"https:\/\/remodelacion-aeropuerto-palma-mallorca.es\/wp-content\/uploads\/2024\/11\/Aena_APT_Fondo-Azul_RGB-2.svg\",\"contentUrl\":\"https:\/\/remodelacion-aeropuerto-palma-mallorca.es\/wp-content\/uploads\/2024\/11\/Aena_APT_Fondo-Azul_RGB-2.svg\",\"caption\":\"Aena\"},\"image\":{\"@id\":\"https:\/\/remodelacion-aeropuerto-palma-mallorca.es\/ca\/#\/schema\/logo\/image\/\"}}]}<\/script>\n<!-- \/ Yoast SEO plugin. -->","yoast_head_json":{"title":"Zona exterior de transport - Aena","robots":{"index":"index","follow":"follow","max-snippet":"max-snippet:-1","max-image-preview":"max-image-preview:large","max-video-preview":"max-video-preview:-1"},"canonical":"https:\/\/remodelacion-aeropuerto-palma-mallorca.es\/ca\/fites-del-projecte\/nous-controls-de-seguretat-4\/","og_locale":"ca_ES","og_type":"article","og_title":"Zona exterior de transport - Aena","og_description":"Inici Fites del projecte de remodelaci\u00f3 Zona exterior de transport Juliol 2025 El projecte inclou la creaci\u00f3 d&#8217;una nova \u00e0rea destinada exclusivament al transport p\u00fablic col\u00b7lectiu, situada a la zona exterior d&#8217;arribades, amb una ubicaci\u00f3 privilegiada i f\u00e0cilment visible per als usuaris. En aquest espai s&#8217;integren els diferents serveis de transport col\u00b7lectiu de l&#8217;illa, com [&hellip;]","og_url":"https:\/\/remodelacion-aeropuerto-palma-mallorca.es\/ca\/fites-del-projecte\/nous-controls-de-seguretat-4\/","og_site_name":"Aena","article_modified_time":"2025-11-27T12:16:37+00:00","og_image":[{"width":1500,"height":812,"url":"https:\/\/remodelacion-aeropuerto-palma-mallorca.es\/wp-content\/uploads\/2025\/10\/20251017-123340.jpg","type":"image\/jpeg"}],"twitter_card":"summary_large_image","twitter_misc":{"Temps estimat de lectura":"2 minuts"},"schema":{"@context":"https:\/\/schema.org","@graph":[{"@type":"WebPage","@id":"https:\/\/remodelacion-aeropuerto-palma-mallorca.es\/ca\/fites-del-projecte\/nous-controls-de-seguretat-4\/","url":"https:\/\/remodelacion-aeropuerto-palma-mallorca.es\/ca\/fites-del-projecte\/nous-controls-de-seguretat-4\/","name":"Zona exterior de transport - Aena","isPartOf":{"@id":"https:\/\/remodelacion-aeropuerto-palma-mallorca.es\/ca\/#website"},"primaryImageOfPage":{"@id":"https:\/\/remodelacion-aeropuerto-palma-mallorca.es\/ca\/fites-del-projecte\/nous-controls-de-seguretat-4\/#primaryimage"},"image":{"@id":"https:\/\/remodelacion-aeropuerto-palma-mallorca.es\/ca\/fites-del-projecte\/nous-controls-de-seguretat-4\/#primaryimage"},"thumbnailUrl":"https:\/\/remodelacion-aeropuerto-palma-mallorca.es\/wp-content\/uploads\/2025\/10\/20251017-123340.jpg","datePublished":"2025-10-17T12:07:25+00:00","dateModified":"2025-11-27T12:16:37+00:00","breadcrumb":{"@id":"https:\/\/remodelacion-aeropuerto-palma-mallorca.es\/ca\/fites-del-projecte\/nous-controls-de-seguretat-4\/#breadcrumb"},"inLanguage":"ca","potentialAction":[{"@type":"ReadAction","target":["https:\/\/remodelacion-aeropuerto-palma-mallorca.es\/ca\/fites-del-projecte\/nous-controls-de-seguretat-4\/"]}]},{"@type":"ImageObject","inLanguage":"ca","@id":"https:\/\/remodelacion-aeropuerto-palma-mallorca.es\/ca\/fites-del-projecte\/nous-controls-de-seguretat-4\/#primaryimage","url":"https:\/\/remodelacion-aeropuerto-palma-mallorca.es\/wp-content\/uploads\/2025\/10\/20251017-123340.jpg","contentUrl":"https:\/\/remodelacion-aeropuerto-palma-mallorca.es\/wp-content\/uploads\/2025\/10\/20251017-123340.jpg"},{"@type":"BreadcrumbList","@id":"https:\/\/remodelacion-aeropuerto-palma-mallorca.es\/ca\/fites-del-projecte\/nous-controls-de-seguretat-4\/#breadcrumb","itemListElement":[{"@type":"ListItem","position":1,"name":"Portada","item":"https:\/\/remodelacion-aeropuerto-palma-mallorca.es\/ca\/inici\/"},{"@type":"ListItem","position":2,"name":"Fites del projecte de remodelaci\u00f3","item":"https:\/\/remodelacion-aeropuerto-palma-mallorca.es\/ca\/fites-del-projecte\/"},{"@type":"ListItem","position":3,"name":"Zona exterior de transport"}]},{"@type":"WebSite","@id":"https:\/\/remodelacion-aeropuerto-palma-mallorca.es\/ca\/#website","url":"https:\/\/remodelacion-aeropuerto-palma-mallorca.es\/ca\/","name":"Aena","description":"","publisher":{"@id":"https:\/\/remodelacion-aeropuerto-palma-mallorca.es\/ca\/#organization"},"potentialAction":[{"@type":"SearchAction","target":{"@type":"EntryPoint","urlTemplate":"https:\/\/remodelacion-aeropuerto-palma-mallorca.es\/ca\/?s={search_term_string}"},"query-input":{"@type":"PropertyValueSpecification","valueRequired":true,"valueName":"search_term_string"}}],"inLanguage":"ca"},{"@type":"Organization","@id":"https:\/\/remodelacion-aeropuerto-palma-mallorca.es\/ca\/#organization","name":"Aena","url":"https:\/\/remodelacion-aeropuerto-palma-mallorca.es\/ca\/","logo":{"@type":"ImageObject","inLanguage":"ca","@id":"https:\/\/remodelacion-aeropuerto-palma-mallorca.es\/ca\/#\/schema\/logo\/image\/","url":"https:\/\/remodelacion-aeropuerto-palma-mallorca.es\/wp-content\/uploads\/2024\/11\/Aena_APT_Fondo-Azul_RGB-2.svg","contentUrl":"https:\/\/remodelacion-aeropuerto-palma-mallorca.es\/wp-content\/uploads\/2024\/11\/Aena_APT_Fondo-Azul_RGB-2.svg","caption":"Aena"},"image":{"@id":"https:\/\/remodelacion-aeropuerto-palma-mallorca.es\/ca\/#\/schema\/logo\/image\/"}}]}},"_links":{"self":[{"href":"https:\/\/remodelacion-aeropuerto-palma-mallorca.es\/ca\/wp-json\/wp\/v2\/pages\/4106","targetHints":{"allow":["GET"]}}],"collection":[{"href":"https:\/\/remodelacion-aeropuerto-palma-mallorca.es\/ca\/wp-json\/wp\/v2\/pages"}],"about":[{"href":"https:\/\/remodelacion-aeropuerto-palma-mallorca.es\/ca\/wp-json\/wp\/v2\/types\/page"}],"author":[{"embeddable":true,"href":"https:\/\/remodelacion-aeropuerto-palma-mallorca.es\/ca\/wp-json\/wp\/v2\/users\/2"}],"replies":[{"embeddable":true,"href":"https:\/\/remodelacion-aeropuerto-palma-mallorca.es\/ca\/wp-json\/wp\/v2\/comments?post=4106"}],"version-history":[{"count":5,"href":"https:\/\/remodelacion-aeropuerto-palma-mallorca.es\/ca\/wp-json\/wp\/v2\/pages\/4106\/revisions"}],"predecessor-version":[{"id":4489,"href":"https:\/\/remodelacion-aeropuerto-palma-mallorca.es\/ca\/wp-json\/wp\/v2\/pages\/4106\/revisions\/4489"}],"up":[{"embeddable":true,"href":"https:\/\/remodelacion-aeropuerto-palma-mallorca.es\/ca\/wp-json\/wp\/v2\/pages\/2299"}],"wp:attachment":[{"href":"https:\/\/remodelacion-aeropuerto-palma-mallorca.es\/ca\/wp-json\/wp\/v2\/media?parent=4106"}],"curies":[{"name":"wp","href":"https:\/\/api.w.org\/{rel}","templated":true}]}}